{"id":729,"date":"2021-02-25T12:04:18","date_gmt":"2021-02-25T11:04:18","guid":{"rendered":"https:\/\/staging.hofgutbraunenberg.com\/?page_id=729"},"modified":"2023-07-12T14:57:38","modified_gmt":"2023-07-12T12:57:38","slug":"unterstuetzen","status":"publish","type":"page","link":"https:\/\/www.hofgut-braunenberg.de\/index.php\/unterstuetzen\/","title":{"rendered":"Unterst\u00fctzen"},"content":{"rendered":"<div>\n<p>&nbsp;<\/p>\n<p>Tierheimat &#038; Hofgut brauchen Sie<\/p><\/div>\n<h1>Unterst\u00fctzen Sie unsere Tiere<\/h1>\n<div>\n<p>Hofgut Braunenberg ist ein Ort, an dem die W\u00fcrde des Tieres unantastbar ist. Wir achten, pflegen und sch\u00fctzen Tiere, die in ihrem bisherigen Leben oft gro\u00dfes Leid oder Missbrauch erfahren haben. Wir sorgen daf\u00fcr, dass sich unsere Sch\u00fctzlinge ihres Lebens wieder erfreuen k\u00f6nnen.\u00a0<\/p>\n<\/div>\n<div>\n<p>Unsere Arbeit erfordert einen gro\u00dfen finanziellen Aufwand, denn die Kosten f\u00fcr Futter, medizinische Versorgung, Heizung, Reparaturen etc. sind hoch und steigen zusehends. Um auch weiterhin die bestm\u00f6gliche Versorgung unserer Bewohner garantieren zu k\u00f6nnen, sind wir auf Spenden und andere Formen der Unterst\u00fctzung angewiesen. Die M\u00f6glichkeiten des Engagements zugunsten unserer Tiere reicht dabei von Tierpatenschaften \u00fcber Sachspenden bis hin zu Kooperationen und Sponsorings.<\/p>\n<p>Ihre freie Spende wird dort eingesetzt, wo sie am dringendsten ben\u00f6tigt wird. Unsere Ma\u00dfnahmen helfen den Tieren dabei, ein friedvolles und artgerechtes Leben zu f\u00fchren und ihnen eine langfristige Zukunft auf dem Hofgut Braunenberg zu sichern.<\/p>\n<p>Machen Sie sich selbst ein Bild und kommen Sie uns in Stockach-Hindelwangen besuchen.<\/p>\n<\/div>\n<h3><a href=\"#2\"><\/p>\n<p>Wir freuen uns \u00fcber Spenden<\/p>\n<p><\/a><\/h3>\n<div>\n<p>Ihre Spende kommt den Tieren direkt zugute.<\/p>\n<\/div>\n<div>\n<p><strong>Hofgut Braunenberg Deutschland gGmbH<br \/><\/strong>Volksbank \u00dcberlingen<\/p>\n<p><strong>IBAN: DE22 6906 1800 0046 9799 07<\/strong><\/p>\n<\/div>\n<div>\n<p><img decoding=\"async\" loading=\"lazy\" src=\"https:\/\/www.hofgut-braunenberg.de\/wp-content\/uploads\/2023\/02\/Paypal-Logo-300x225.png\" alt=\"\" width=\"76\" height=\"56\" class=\"alignnone  wp-image-1645\" \/>via Paypal:<\/p>\n<\/div>\n<div>\n<form action=\"https:\/\/www.paypal.com\/donate\" method=\"post\" target=\"_top\">\n<input type=\"hidden\" name=\"hosted_button_id\" value=\"APVEWU9HZNDSW\" \/><br \/>\n<input type=\"image\" src=\"https:\/\/www.paypalobjects.com\/de_DE\/DE\/i\/btn\/btn_donate_LG.gif\" border=\"0\" name=\"submit\" title=\"PayPal - The safer, easier way to pay online!\" alt=\"Spenden mit dem PayPal-Button\" \/><br \/>\n<img decoding=\"async\" loading=\"lazy\" alt=\"\" border=\"0\" src=\"https:\/\/www.paypal.com\/de_DE\/i\/scr\/pixel.gif\" width=\"1\" height=\"1\" \/><br \/>\n<\/form>\n<\/div>\n<ul>\n<li>\n<p>        <img decoding=\"async\" src=\"\/wp-content\/uploads\/2023\/02\/Intro-18-scaled.jpg\" alt=\"\"><\/p>\n<\/li>\n<li>\n<p>        <img decoding=\"async\" src=\"\/wp-content\/uploads\/2023\/01\/Esel-Bande-1.jpg\" alt=\"\"><\/p>\n<\/li>\n<li>\n<p>        <img decoding=\"async\" src=\"\/wp-content\/uploads\/2023\/02\/Intro-2-scaled.jpg\" alt=\"\"><\/p>\n<\/li>\n<li>\n<p>        <img decoding=\"async\" src=\"\/wp-content\/uploads\/2021\/02\/franka-auf-dem-hofgut-braunenberg.jpg\" alt=\"\"><\/p>\n<\/li>\n<li>\n<p>        <img decoding=\"async\" src=\"\/wp-content\/uploads\/2023\/07\/IMG_20230526_213215_235.webp\" alt=\"\"><\/p>\n<h3>IMG_20230526_213215_235<\/h3>\n<\/li>\n<li>\n<p>        <img decoding=\"async\" src=\"\/wp-content\/uploads\/2023\/07\/IMG-20230512-WA0012.jpg\" alt=\"\"><\/p>\n<h3>IMG-20230512-WA0012<\/h3>\n<\/li>\n<li>\n<p>        <img decoding=\"async\" src=\"\/wp-content\/uploads\/2023\/05\/20230503_120146-scaled-e1683822750854.jpg\" alt=\"\"><\/p>\n<h3>20230503_120146<\/h3>\n<\/li>\n<li>\n<p>        <img decoding=\"async\" src=\"\/wp-content\/uploads\/2023\/02\/Profil-Linus.jpg\" alt=\"\"><\/p>\n<h3>Profil Linus<\/h3>\n<\/li>\n<\/ul>\n<hr>\n<p><a href=\"\/index.php\/bewohner\/patenschaften\/\"><img decoding=\"async\" src=\"\/wp-content\/uploads\/2021\/02\/Spenden-Patenurkunde.jpg\" alt=\"\"><\/a><\/p>\n<h1>Patenschaften<\/h1>\n<div>\n<p>Patenschaften sorgen f\u00fcr eine dauerhafte und enge Verbindung mit einem Tier. Die bestm\u00f6gliche Versorgung unserer Sch\u00fctzlinge bringt so einige Kosten mit sich. \u00dcbernehmen Sie eine Voll- oder Teilpatenschaft f\u00fcr die einzelnen Tiere. Gemeinsam k\u00f6nnen wir den Aufwand stemmen. Schauen Sie sich einfach die \u00dcbersicht unserer Bewohner an und w\u00e4hlen Sie Ihr Patentier.<\/p>\n<p>Bei Interesse und f\u00fcr weitere Infos wenden Sie sich einfach an unsere Mitarbeiter:innen.<\/p>\n<\/div>\n<p>\n    <a href=\"\/index.php\/bewohner\/patenschaften\/\">Mehr Informationen<\/a>\n<\/p>\n<hr>\n<h1>Sachspenden<\/h1>\n<div>\n<p>Nat\u00fcrlich sind uns auch Zuwendungen in Form von Sachspenden sehr willkommen. Was wir gerade besonders gut gebrauchen k\u00f6nnen, was fehlt oder was sich unsere Sch\u00fctzlinge w\u00fcnschen, erz\u00e4hlen wir Ihnen gerne in einem pers\u00f6nlichen Gespr\u00e4ch.<\/p>\n<\/div>\n<div>\n<p>        <img decoding=\"async\" src=\"\/wp-content\/uploads\/2021\/02\/Sachspenden-HofgutBraunenberg_AS193727346.jpg\" alt=\"\"><\/p>\n<p>        <img decoding=\"async\" src=\"\/wp-content\/uploads\/2021\/02\/Sachspenden-HofgutBraunenberg_AS131183204.jpg\" alt=\"\"><\/p>\n<h3>Willkommene Gaben<\/h3>\n<\/div>\n<hr>\n<p><img decoding=\"async\" src=\"\/wp-content\/uploads\/2021\/02\/Testament-HofgutBraunenberg-AS27629413.jpg\" alt=\"\"><\/p>\n<h1>Ihr letzter Wille zugunsten unserer Tiere<\/h1>\n<div>\n<p>Wer sich w\u00e4hrend seines Lebens dem Tierwohl verpflichtet f\u00fchlt, kann auch \u00fcber den eigenen Tod hinaus einen nachhaltigen, n\u00fctzlichen und menschlichen Beitrag f\u00fcr die Arbeit der Tierheimat Frederic leisten.<\/p>\n<p>Wenn Sie mit Ihrem Erbe Gutes bewirken wollen, k\u00f6nnen Sie dauerhaft einen bedeutenden Beitrag f\u00fcr die sichere Zukunft unserer Sch\u00fctzlinge leisten.<\/p>\n<p>Als gemeinn\u00fctzige Organisation kann die Tierheimat Frederic testamentarisch bei einer Erbschaft bedacht werden. Zuwendungen an gemeinn\u00fctzige Vereine sind von der Erbschafts- und Schenkungssteuer befreit, so dass der verf\u00fcgte Betrag vollumf\u00e4nglich f\u00fcr die Arbeit mit unseren Sch\u00fctzlingen genutzt werden kann.<\/p>\n<p>Sinnvoll ist in jedem Fall eine Rechtsberatung durch einen Anwalt oder Notar Ihres Vertrauens.<\/p>\n<\/div>\n<p><!--more--><br \/>\n<!-- {\"type\":\"layout\",\"children\":[{\"type\":\"section\",\"props\":{\"animation\":\"slide-bottom-medium\",\"animation_delay\":\"200\",\"image\":\"wp-content\\\/uploads\\\/2021\\\/02\\\/Esel-Header.jpg\",\"image_effect\":\"fixed\",\"image_position\":\"bottom-center\",\"image_size\":\"cover\",\"image_width\":\"1920\",\"overlap\":true,\"padding\":\"xlarge\",\"style\":\"secondary\",\"title_breakpoint\":\"xl\",\"title_position\":\"top-left\",\"title_rotation\":\"left\",\"vertical_align\":\"middle\",\"width\":\"large\"},\"children\":[{\"type\":\"row\",\"children\":[{\"type\":\"column\",\"props\":{\"image_position\":\"center-center\",\"media_overlay_gradient\":\"\",\"position_sticky_breakpoint\":\"m\"},\"children\":[{\"type\":\"headline\",\"props\":{\"content\":\"\n\n<p>&nbsp;<\\\/p>\\nTierheimat & Hofgut brauchen Sie\",\"margin\":\"small\",\"text_align\":\"center\",\"title_element\":\"div\",\"title_style\":\"h5\"}},{\"type\":\"headline\",\"props\":{\"content\":\"Unterst\\u00fctzen Sie unsere Tiere\",\"margin\":\"xlarge\",\"margin_remove_top\":true,\"text_align\":\"center\",\"title_element\":\"h1\",\"title_style\":\"heading-large\"}}]}]}],\"name\":\"Unterst\\u00fctzer Kopf\"},{\"type\":\"section\",\"props\":{\"image_position\":\"center-center\",\"padding\":\"large\",\"style\":\"default\",\"title_breakpoint\":\"xl\",\"title_position\":\"top-left\",\"title_rotation\":\"left\",\"vertical_align\":\"middle\",\"width\":\"large\"},\"children\":[{\"type\":\"row\",\"children\":[{\"type\":\"column\",\"props\":{\"image_position\":\"center-center\",\"media_overlay_gradient\":\"\",\"position_sticky_breakpoint\":\"m\"},\"children\":[{\"type\":\"text\",\"props\":{\"column_breakpoint\":\"m\",\"content\":\"\n\n<p>Hofgut Braunenberg ist ein Ort, an dem die W\\u00fcrde des Tieres unantastbar ist. Wir achten, pflegen und sch\\u00fctzen Tiere, die in ihrem bisherigen Leben oft gro\\u00dfes Leid oder Missbrauch erfahren haben. Wir sorgen daf\\u00fcr, dass sich unsere Sch\\u00fctzlinge ihres Lebens wieder erfreuen k\\u00f6nnen.\\u00a0<\\\/p>\",\"dropcap\":true,\"margin\":\"default\",\"text_style\":\"lead\"}}]}]},{\"type\":\"row\",\"children\":[{\"type\":\"column\",\"props\":{\"image_position\":\"center-center\",\"media_overlay_gradient\":\"\",\"position_sticky_breakpoint\":\"m\"},\"children\":[{\"type\":\"text\",\"props\":{\"column_breakpoint\":\"m\",\"content\":\"\n\n<p>Unsere Arbeit erfordert einen gro\\u00dfen finanziellen Aufwand, denn die Kosten f\\u00fcr Futter, medizinische Versorgung, Heizung, Reparaturen etc. sind hoch und steigen zusehends. Um auch weiterhin die bestm\\u00f6gliche Versorgung unserer Bewohner garantieren zu k\\u00f6nnen, sind wir auf Spenden und andere Formen der Unterst\\u00fctzung angewiesen. Die M\\u00f6glichkeiten des Engagements zugunsten unserer Tiere reicht dabei von Tierpatenschaften \\u00fcber Sachspenden bis hin zu Kooperationen und Sponsorings.<\\\/p>\\n\n\n<p>Ihre freie Spende wird dort eingesetzt, wo sie am dringendsten ben\\u00f6tigt wird. Unsere Ma\\u00dfnahmen helfen den Tieren dabei, ein friedvolles und artgerechtes Leben zu f\\u00fchren und ihnen eine langfristige Zukunft auf dem Hofgut Braunenberg zu sichern.<\\\/p>\\n\n\n<p>Machen Sie sich selbst ein Bild und kommen Sie uns in Stockach-Hindelwangen besuchen.<\\\/p>\",\"margin\":\"default\"}}]}]}],\"name\":\"MainContent\"},{\"name\":\"Featured destination\",\"type\":\"section\",\"props\":{\"animation\":\"slide-top-medium\",\"class\":\"\",\"header_overlay\":\"light\",\"height_viewport\":false,\"image\":\"wp-content\\\/uploads\\\/2020\\\/12\\\/Footer_Landschaft_AS225457179.jpg\",\"image_fixed\":false,\"image_position\":\"bottom-center\",\"image_size\":\"cover\",\"image_width\":\"1920\",\"media\":\"\",\"media_overlay\":\"rgba(255, 255, 255, 0.88)\",\"overlap\":true,\"padding_remove_top\":false,\"status\":\"\",\"sticky\":\"cover\",\"style\":\"default\",\"title_breakpoint\":\"xl\",\"title_position\":\"top-left\",\"title_rotation\":\"left\",\"vertical_align\":\"middle\",\"width\":\"default\"},\"children\":[{\"name\":\"\",\"type\":\"row\",\"props\":{\"column_gap\":\"large\",\"layout\":\"3-5,2-5\",\"margin\":\"large\",\"row_gap\":\"large\",\"vertical_align\":true},\"children\":[{\"name\":\"\",\"type\":\"column\",\"props\":{\"image_position\":\"center-center\",\"media_overlay_gradient\":\"\",\"position_sticky_breakpoint\":\"m\",\"vertical_align\":\"middle\",\"width_medium\":\"3-5\"},\"children\":[{\"name\":\"\",\"type\":\"headline\",\"props\":{\"animation\":\"slide-left-medium\",\"content\":\"\n\n<p>Wir freuen uns \\u00fcber Spenden<\\\/p>\",\"link\":\"#2\",\"margin\":\"small\",\"text_align\":\"left\",\"text_align_breakpoint\":\"m\",\"text_align_fallback\":\"center\",\"title_element\":\"h3\",\"title_style\":\"h1\"}},{\"name\":\"\",\"type\":\"text\",\"props\":{\"column_breakpoint\":\"m\",\"content\":\"\n\n<p>Ihre Spende kommt den Tieren direkt zugute.<\\\/p>\",\"margin\":\"small\",\"status\":\"\",\"text_align\":\"left\",\"text_align_breakpoint\":\"m\",\"text_align_fallback\":\"center\",\"text_color\":\"primary\",\"text_style\":\"large\"}},{\"name\":\"\",\"type\":\"text\",\"props\":{\"animation\":\"slide-left-medium\",\"column_breakpoint\":\"m\",\"content\":\"\n\n<p><strong>Hofgut Braunenberg Deutschland gGmbH<br \\\/><\\\/strong>Volksbank \\u00dcberlingen<\\\/p>\\n\n\n<p><strong>IBAN: DE22 6906 1800 0046 9799 07<\\\/strong><\\\/p>\",\"margin\":\"medium\",\"text_align\":\"left\",\"text_align_breakpoint\":\"m\",\"text_align_fallback\":\"center\"}},{\"type\":\"text\",\"props\":{\"column_breakpoint\":\"m\",\"content\":\"\n\n<p><img src=\\\"https:\\\/\\\/www.hofgut-braunenberg.de\\\/wp-content\\\/uploads\\\/2023\\\/02\\\/Paypal-Logo-300x225.png\\\" alt=\\\"\\\" width=\\\"76\\\" height=\\\"56\\\" class=\\\"alignnone  wp-image-1645\\\" \\\/>via Paypal:<\\\/p>\",\"margin\":\"default\",\"position\":\"relative\",\"position_bottom\":\"-20\"}},{\"type\":\"html\",\"props\":{\"content\":\"\n\n<form action=\\\"https:\\\/\\\/www.paypal.com\\\/donate\\\" method=\\\"post\\\" target=\\\"_top\\\">\\n<input type=\\\"hidden\\\" name=\\\"hosted_button_id\\\" value=\\\"APVEWU9HZNDSW\\\" \\\/>\\n<input type=\\\"image\\\" src=\\\"https:\\\/\\\/www.paypalobjects.com\\\/de_DE\\\/DE\\\/i\\\/btn\\\/btn_donate_LG.gif\\\" border=\\\"0\\\" name=\\\"submit\\\" title=\\\"PayPal - The safer, easier way to pay online!\\\" alt=\\\"Spenden mit dem PayPal-Button\\\" \\\/>\\n<img alt=\\\"\\\" border=\\\"0\\\" src=\\\"https:\\\/\\\/www.paypal.com\\\/de_DE\\\/i\\\/scr\\\/pixel.gif\\\" width=\\\"1\\\" height=\\\"1\\\" \\\/>\\n<\\\/form>\"}}]},{\"name\":\"\",\"type\":\"column\",\"props\":{\"image_position\":\"center-center\",\"media_overlay_gradient\":\"\",\"position_sticky_breakpoint\":\"m\",\"vertical_align\":\"middle\",\"width_medium\":\"2-5\"},\"children\":[{\"name\":\"\",\"type\":\"slideshow\",\"props\":{\"image_width\":\"920\",\"link_style\":\"default\",\"link_text\":\"Read more\",\"margin\":\"default\",\"meta_align\":\"below-title\",\"meta_element\":\"div\",\"meta_style\":\"text-meta\",\"nav\":\"\",\"nav_align\":\"center\",\"nav_breakpoint\":\"s\",\"nav_position\":\"bottom-center\",\"nav_position_margin\":\"medium\",\"overlay_animation\":\"parallax\",\"overlay_position\":\"center-left\",\"show_content\":true,\"show_link\":true,\"show_meta\":true,\"show_thumbnail\":true,\"show_title\":false,\"slidenav\":\"default\",\"slidenav_breakpoint\":\"s\",\"slidenav_margin\":\"medium\",\"slidenav_outside_breakpoint\":\"xl\",\"slideshow_autoplay\":true,\"slideshow_autoplay_pause\":true,\"slideshow_min_height\":\"410\",\"slideshow_velocity\":\"1.4\",\"text_color\":\"light\",\"thumbnav_height\":\"75\",\"thumbnav_svg_color\":\"emphasis\",\"thumbnav_width\":\"100\",\"title_element\":\"h3\"},\"children\":[{\"type\":\"slideshow_item\",\"props\":{\"image\":\"wp-content\\\/uploads\\\/2023\\\/02\\\/Intro-18-scaled.jpg\",\"image_alt\":\"\"}},{\"type\":\"slideshow_item\",\"props\":{\"image\":\"wp-content\\\/uploads\\\/2023\\\/01\\\/Esel-Bande-1.jpg\",\"image_alt\":\"\"}},{\"type\":\"slideshow_item\",\"props\":{\"image\":\"wp-content\\\/uploads\\\/2023\\\/02\\\/Intro-2-scaled.jpg\"}},{\"type\":\"slideshow_item\",\"props\":{\"image\":\"wp-content\\\/uploads\\\/2021\\\/02\\\/franka-auf-dem-hofgut-braunenberg.jpg\"}},{\"type\":\"slideshow_item\",\"props\":{\"image\":\"wp-content\\\/uploads\\\/2023\\\/07\\\/IMG_20230526_213215_235.webp\",\"title\":\"IMG_20230526_213215_235\"}},{\"type\":\"slideshow_item\",\"props\":{\"image\":\"wp-content\\\/uploads\\\/2023\\\/07\\\/IMG-20230512-WA0012.jpg\",\"title\":\"IMG-20230512-WA0012\"}},{\"type\":\"slideshow_item\",\"props\":{\"image\":\"wp-content\\\/uploads\\\/2023\\\/05\\\/20230503_120146-scaled-e1683822750854.jpg\",\"title\":\"20230503_120146\"}},{\"type\":\"slideshow_item\",\"props\":{\"image\":\"wp-content\\\/uploads\\\/2023\\\/02\\\/Profil-Linus.jpg\",\"title\":\"Profil Linus\"}}]}]}]}]},{\"type\":\"section\",\"props\":{\"image_position\":\"center-center\",\"style\":\"default\",\"title_breakpoint\":\"xl\",\"title_position\":\"top-left\",\"title_rotation\":\"left\",\"vertical_align\":\"middle\",\"width\":\"default\"},\"children\":[{\"type\":\"row\",\"children\":[{\"type\":\"column\",\"props\":{\"image_position\":\"center-center\",\"media_overlay_gradient\":\"\",\"position_sticky_breakpoint\":\"m\"},\"children\":[]}]}]},{\"type\":\"section\",\"props\":{\"image_position\":\"center-center\",\"style\":\"default\",\"title_breakpoint\":\"xl\",\"title_position\":\"top-left\",\"title_rotation\":\"left\",\"vertical_align\":\"middle\",\"width\":\"default\"},\"children\":[{\"type\":\"row\",\"children\":[{\"type\":\"column\",\"props\":{\"image_position\":\"center-center\",\"media_overlay_gradient\":\"\",\"position_sticky_breakpoint\":\"m\"},\"children\":[{\"type\":\"divider\",\"props\":{\"divider_element\":\"hr\",\"divider_style\":\"vertical\"}}]}]}]},{\"type\":\"section\",\"props\":{\"image_position\":\"center-center\",\"style\":\"default\",\"title_breakpoint\":\"xl\",\"title_position\":\"top-left\",\"title_rotation\":\"left\",\"vertical_align\":\"middle\",\"width\":\"default\"},\"children\":[{\"type\":\"row\",\"props\":{\"divider\":false,\"layout\":\"1-2,1-2\"},\"children\":[{\"type\":\"column\",\"props\":{\"image_position\":\"center-center\",\"media_overlay_gradient\":\"\",\"position_sticky_breakpoint\":\"m\",\"width_medium\":\"1-2\"},\"children\":[{\"type\":\"image\",\"props\":{\"image\":\"wp-content\\\/uploads\\\/2021\\\/02\\\/Spenden-Patenurkunde.jpg\",\"image_svg_color\":\"emphasis\",\"link\":\"index.php\\\/bewohner\\\/patenschaften\\\/\",\"margin\":\"default\",\"text_align\":\"center\"}}]},{\"type\":\"column\",\"props\":{\"image_position\":\"center-center\",\"media_overlay_gradient\":\"\",\"position_sticky_breakpoint\":\"m\",\"width_medium\":\"1-2\"},\"children\":[{\"type\":\"headline\",\"props\":{\"content\":\"Patenschaften\",\"title_element\":\"h1\"}},{\"type\":\"text\",\"props\":{\"column_breakpoint\":\"m\",\"content\":\"\n\n<p>Patenschaften sorgen f\\u00fcr eine dauerhafte und enge Verbindung mit einem Tier. Die bestm\\u00f6gliche Versorgung unserer Sch\\u00fctzlinge bringt so einige Kosten mit sich. \\u00dcbernehmen Sie eine Voll- oder Teilpatenschaft f\\u00fcr die einzelnen Tiere. Gemeinsam k\\u00f6nnen wir den Aufwand stemmen. Schauen Sie sich einfach die \\u00dcbersicht unserer Bewohner an und w\\u00e4hlen Sie Ihr Patentier.<\\\/p>\\n\n\n<p>Bei Interesse und f\\u00fcr weitere Infos wenden Sie sich einfach an unsere Mitarbeiter:innen.<\\\/p>\",\"margin\":\"default\"}},{\"type\":\"button\",\"props\":{\"grid_column_gap\":\"small\",\"grid_row_gap\":\"small\",\"margin\":\"default\",\"text_align\":\"center\"},\"children\":[{\"type\":\"button_item\",\"props\":{\"button_style\":\"default\",\"content\":\"Mehr Informationen\",\"icon_align\":\"left\",\"link\":\"index.php\\\/bewohner\\\/patenschaften\\\/\"}}]}]}]},{\"type\":\"row\",\"props\":{\"margin\":\"large\"},\"children\":[{\"type\":\"column\",\"props\":{\"image_position\":\"center-center\",\"media_overlay_gradient\":\"\",\"position_sticky_breakpoint\":\"m\"},\"children\":[{\"type\":\"divider\",\"props\":{\"divider_element\":\"hr\",\"divider_style\":\"icon\",\"margin\":\"large\"}}]}]},{\"type\":\"row\",\"props\":{\"layout\":\"1-2,1-2\"},\"children\":[{\"type\":\"column\",\"props\":{\"image_position\":\"center-center\",\"media_overlay_gradient\":\"\",\"position_sticky_breakpoint\":\"m\",\"width_medium\":\"1-2\"},\"children\":[{\"type\":\"headline\",\"props\":{\"content\":\"Sachspenden\",\"title_element\":\"h1\"}},{\"type\":\"text\",\"props\":{\"column_breakpoint\":\"m\",\"content\":\"\n\n<p>Nat\\u00fcrlich sind uns auch Zuwendungen in Form von Sachspenden sehr willkommen. Was wir gerade besonders gut gebrauchen k\\u00f6nnen, was fehlt oder was sich unsere Sch\\u00fctzlinge w\\u00fcnschen, erz\\u00e4hlen wir Ihnen gerne in einem pers\\u00f6nlichen Gespr\\u00e4ch.<\\\/p>\",\"margin\":\"default\"}}]},{\"type\":\"column\",\"props\":{\"image_position\":\"center-center\",\"media_overlay_gradient\":\"\",\"position_sticky_breakpoint\":\"m\",\"width_medium\":\"1-2\"},\"children\":[{\"type\":\"overlay\",\"props\":{\"content\":\"\",\"hover_image\":\"wp-content\\\/uploads\\\/2021\\\/02\\\/Sachspenden-HofgutBraunenberg_AS131183204.jpg\",\"image\":\"wp-content\\\/uploads\\\/2021\\\/02\\\/Sachspenden-HofgutBraunenberg_AS193727346.jpg\",\"link_style\":\"default\",\"link_text\":\"Read more\",\"margin\":\"default\",\"meta_align\":\"below-title\",\"meta_element\":\"div\",\"meta_style\":\"text-meta\",\"overlay_hover\":true,\"overlay_mode\":\"cover\",\"overlay_position\":\"center\",\"overlay_style\":\"overlay-primary\",\"overlay_transition\":\"fade\",\"text_align\":\"center\",\"text_color\":\"light\",\"title\":\"Willkommene Gaben\",\"title_element\":\"h3\",\"title_hover_style\":\"reset\"}}]}]},{\"type\":\"row\",\"props\":{\"margin\":\"large\"},\"children\":[{\"type\":\"column\",\"props\":{\"image_position\":\"center-center\",\"media_overlay_gradient\":\"\",\"position_sticky_breakpoint\":\"m\"},\"children\":[]}]},{\"type\":\"row\",\"props\":{\"margin\":\"large\"},\"children\":[{\"type\":\"column\",\"props\":{\"image_position\":\"center-center\",\"media_overlay_gradient\":\"\",\"position_sticky_breakpoint\":\"m\"},\"children\":[{\"type\":\"divider\",\"props\":{\"divider_element\":\"hr\",\"divider_style\":\"icon\",\"margin\":\"large\"}}]}]},{\"type\":\"row\",\"props\":{\"layout\":\"1-2,1-2\"},\"children\":[{\"type\":\"column\",\"props\":{\"image_position\":\"center-center\",\"media_overlay_gradient\":\"\",\"position_sticky_breakpoint\":\"m\",\"width_medium\":\"1-2\"},\"children\":[{\"type\":\"image\",\"props\":{\"image\":\"wp-content\\\/uploads\\\/2021\\\/02\\\/Testament-HofgutBraunenberg-AS27629413.jpg\",\"image_svg_color\":\"emphasis\",\"margin\":\"default\"}}]},{\"type\":\"column\",\"props\":{\"image_position\":\"center-center\",\"media_overlay_gradient\":\"\",\"position_sticky_breakpoint\":\"m\",\"width_medium\":\"1-2\"},\"children\":[{\"type\":\"headline\",\"props\":{\"content\":\"Ihr letzter Wille zugunsten unserer Tiere\",\"title_element\":\"h1\"}},{\"type\":\"text\",\"props\":{\"column_breakpoint\":\"m\",\"content\":\"\n\n<p>Wer sich w\\u00e4hrend seines Lebens dem Tierwohl verpflichtet f\\u00fchlt, kann auch \\u00fcber den eigenen Tod hinaus einen nachhaltigen, n\\u00fctzlichen und menschlichen Beitrag f\\u00fcr die Arbeit der Tierheimat Frederic leisten.<\\\/p>\\n\n\n<p>Wenn Sie mit Ihrem Erbe Gutes bewirken wollen, k\\u00f6nnen Sie dauerhaft einen bedeutenden Beitrag f\\u00fcr die sichere Zukunft unserer Sch\\u00fctzlinge leisten.<\\\/p>\\n\n\n<p>Als gemeinn\\u00fctzige Organisation kann die Tierheimat Frederic testamentarisch bei einer Erbschaft bedacht werden. Zuwendungen an gemeinn\\u00fctzige Vereine sind von der Erbschafts- und Schenkungssteuer befreit, so dass der verf\\u00fcgte Betrag vollumf\\u00e4nglich f\\u00fcr die Arbeit mit unseren Sch\\u00fctzlingen genutzt werden kann.<\\\/p>\\n\n\n<p>Sinnvoll ist in jedem Fall eine Rechtsberatung durch einen Anwalt oder Notar Ihres Vertrauens.<\\\/p>\",\"margin\":\"default\"}}]}]}],\"name\":\"Kontakt\"},{\"name\":\"Featured destination\",\"type\":\"section\",\"props\":{\"animation\":\"slide-top-medium\",\"class\":\"\",\"header_overlay\":\"light\",\"height_viewport\":false,\"id\":\"EAG\",\"image\":\"wp-content\\\/uploads\\\/2020\\\/12\\\/Footer_Landschaft_AS225457179.jpg\",\"image_fixed\":false,\"image_position\":\"bottom-center\",\"image_size\":\"cover\",\"image_width\":\"1920\",\"media\":\"\",\"media_overlay\":\"rgba(255, 255, 255, 0.88)\",\"overlap\":true,\"padding_remove_top\":false,\"status\":\"\",\"sticky\":\"cover\",\"style\":\"default\",\"title_breakpoint\":\"xl\",\"title_position\":\"top-left\",\"title_rotation\":\"left\",\"vertical_align\":\"middle\",\"width\":\"default\"},\"children\":[{\"type\":\"row\",\"children\":[{\"type\":\"column\",\"props\":{\"image_position\":\"center-center\",\"media_overlay_gradient\":\"\",\"position_sticky_breakpoint\":\"m\"},\"children\":[]}]}]},{\"type\":\"section\",\"props\":{\"image_position\":\"center-center\",\"style\":\"default\",\"title_breakpoint\":\"xl\",\"title_position\":\"top-left\",\"title_rotation\":\"left\",\"vertical_align\":\"middle\",\"width\":\"default\"},\"children\":[{\"type\":\"row\",\"children\":[{\"type\":\"column\",\"props\":{\"image_position\":\"center-center\",\"media_overlay_gradient\":\"\",\"position_sticky_breakpoint\":\"m\"},\"children\":[]}]}]}],\"version\":\"3.0.14\"} --><\/p>\n","protected":false},"excerpt":{"rendered":"<p>&nbsp; Tierheimat &#038; Hofgut brauchen Sie Unterst\u00fctzen Sie unsere Tiere Hofgut Braunenberg ist ein Ort, an dem die W\u00fcrde des Tieres unantastbar ist. Wir achten, pflegen und sch\u00fctzen Tiere, die in ihrem bisherigen Leben oft gro\u00dfes Leid oder Missbrauch erfahren haben. Wir sorgen daf\u00fcr, dass sich unsere Sch\u00fctzlinge ihres Lebens wieder erfreuen k\u00f6nnen.\u00a0 Unsere Arbeit [&hellip;]<\/p>\n","protected":false},"author":2,"featured_media":0,"parent":0,"menu_order":3,"comment_status":"closed","ping_status":"closed","template":"","meta":{"footnotes":""},"_links":{"self":[{"href":"https:\/\/www.hofgut-braunenberg.de\/index.php\/wp-json\/wp\/v2\/pages\/729"}],"collection":[{"href":"https:\/\/www.hofgut-braunenberg.de\/index.php\/wp-json\/wp\/v2\/pages"}],"about":[{"href":"https:\/\/www.hofgut-braunenberg.de\/index.php\/wp-json\/wp\/v2\/types\/page"}],"author":[{"embeddable":true,"href":"https:\/\/www.hofgut-braunenberg.de\/index.php\/wp-json\/wp\/v2\/users\/2"}],"replies":[{"embeddable":true,"href":"https:\/\/www.hofgut-braunenberg.de\/index.php\/wp-json\/wp\/v2\/comments?post=729"}],"version-history":[{"count":99,"href":"https:\/\/www.hofgut-braunenberg.de\/index.php\/wp-json\/wp\/v2\/pages\/729\/revisions"}],"predecessor-version":[{"id":1901,"href":"https:\/\/www.hofgut-braunenberg.de\/index.php\/wp-json\/wp\/v2\/pages\/729\/revisions\/1901"}],"wp:attachment":[{"href":"https:\/\/www.hofgut-braunenberg.de\/index.php\/wp-json\/wp\/v2\/media?parent=729"}],"curies":[{"name":"wp","href":"https:\/\/api.w.org\/{rel}","templated":true}]}}