{"id":64,"date":"2020-11-26T11:28:31","date_gmt":"2020-11-26T11:28:31","guid":{"rendered":"https:\/\/hofgut-brauenberg.com\/?page_id=64"},"modified":"2023-07-28T18:58:00","modified_gmt":"2023-07-28T16:58:00","slug":"ueber-uns","status":"publish","type":"page","link":"https:\/\/www.hofgut-braunenberg.de\/index.php\/ueber-uns\/","title":{"rendered":"Ueber uns"},"content":{"rendered":"<div>\n<p>Back to Nature<\/p><\/div>\n<h1>Hofgut Braunenberg<\/h1>\n<div>\n<p>Gnadenhof &#8211; Tierheimat &#8211; Lebenshof\u00a0<\/p>\n<\/div>\n<div>\n<p>Seit dem Jahr 2008 haben alte, kranke, misshandelte, oder schlecht gehaltene Esel, Pferde und Ponys ein besseres Leben auf dem Hofgut Braunenberg, welches die Tierheimat Frederic beherbergt. Namensgeber der Tierheimat ist der mittlerweile 20j\u00e4hrige Esel Frederic, der zu den ersten Bewohnern des Hofes z\u00e4hlt. Gegenw\u00e4rtig sorgen wir daf\u00fcr, dass 21 Esel, 26 Pferde, 5 Ponys, 5 Ziegen, zwei G\u00e4nse und Katzen auf dem Hofgut Braunenberg bei Stockach am Bodensee ein artgerechtes und w\u00fcrdevolles Leben verbringen k\u00f6nnen.<\/p>\n<\/div>\n<div>\n<p>Moderne Stallungen, \u00fcber 100 Hektar Wald- und Weidefl\u00e4che, professionelle und liebevolle Betreuung durch das Team des Hofgutes Braunenberg und die Unterst\u00fctzung gro\u00dfz\u00fcgiger F\u00f6rderer haben ein einzigartiges Tierparadies in der N\u00e4he des Bodensees geschaffen.<\/p>\n<p>Der erfolgreiche Tierschutz am Hofgut Braunenberg kann nur durch Paten, Spender und Sponsoren erm\u00f6glicht werden. Jede Form der Unterst\u00fctzung ist wichtig und willkommen, denn nur gemeinsam k\u00f6nnen wir aktiv und mit Erfolg daf\u00fcr sorgen, dass auch Tiere zu ihrem Recht auf ein gutes Leben kommen k\u00f6nnen.<\/p>\n<p>Zur F\u00f6rderung dieses Projekts haben wir die \u201eHofgut Braunenberg Deutschland gemeinn\u00fctzige GmbH\u201c gegr\u00fcndet.<\/p>\n<\/div>\n<p>\n    <a href=\"\/index.php\/kontakt-presse\/\">Unsere Arbeit in der Presse<\/a>\n<\/p>\n<p><video src=\"\/wp-content\/uploads\/2023\/02\/Drohenvideo-1.mp4\" poster=\"\/wp-content\/uploads\/2023\/02\/Weide-3.jpg\"><\/video><\/p>\n<hr>\n<h2>Mehr zu uns<\/h2>\n<ul>\n<li>\n<p>        <img decoding=\"async\" src=\"\/wp-content\/uploads\/2020\/12\/HofgutBraunenberg_TierheimatFrederic-Stockach_0003_s.jpg\" alt=\"\"><\/p>\n<h3>Das Kuratorium<\/h3>\n<div>\n<p>Die Mitglieder des Kuratoriums stehen uns als kompetente Berater, Freunde, F\u00f6rderer und T\u00fcr\u00f6ffner stets zur Seite und leisten so einen wichtigen Beitrag zum Erhalt des Hofguts und dem Wohl seiner Bewohner.<\/p>\n<\/div>\n<\/li>\n<li>\n<p>        <img decoding=\"async\" src=\"\/wp-content\/uploads\/2023\/01\/Hofgut-Braunenberg_Gruppenbild_Suedkurier-scaled-e1675166404264.jpg\" alt=\"\"><\/p>\n<h3>Unser Team<\/h3>\n<div>\n<p>Mit gro\u00dfem Engagement arbeitet unser Team aus festen und freien Mitarbeiter:innen t\u00e4glich bei Wind und Wetter mit den Tieren, sorgen f\u00fcr die Instandhaltung der Anlage und organisieren alles rund um den vielf\u00e4ltigen Hofbetrieb.<\/p>\n<\/div>\n<\/li>\n<li>\n<p>        <img decoding=\"async\" src=\"\/wp-content\/uploads\/2023\/02\/Heuernte-Teil-1-2015-021-e1675338496351.jpg\" alt=\"\"><\/p>\n<h3>Offene Stellen<\/h3>\n<div>\n<p>Unser Team braucht immer engagierte und motivierte Unterst\u00fctzung durch Menschen mit Sinn f\u00fcr Tierwohl und Tierschutz. Freiwillige und Helfer sind dabei ebenso gesucht und willkommen wie Profis aus Land- oder Forstwirtschaft.<a href=\"https:\/\/www.hofgut-braunenberg.de\/index.php\/ueber-uns\/offene-stellen\/\"><\/a><\/p>\n<h5><a href=\"https:\/\/www.hofgut-braunenberg.de\/index.php\/ueber-uns\/offene-stellen\/\">Initiativ-Bewerbung<\/a><\/h5>\n<\/div>\n<\/li>\n<\/ul>\n<hr>\n<blockquote>\n<p>\u201eAuf dem Hofgut Braunenberg achten, pflegen und sch\u00fctzen wir Tiere, deren bisheriges Leben oft von Leid, Missbrauch und Qual bestimmt war. Dabei verzichten wir gerne auf Politik und Weltanschauung, denn Tierwohl ist keine Frage von Parteizugeh\u00f6rigkeit, sondern ein Symbol f\u00fcr eine humanistische und entwickelte Gesellschaft \u2013 mithin ein Zeichen der Menschlichkeit.\u201c<\/p>\n<\/blockquote>\n<p><!--more--><br \/>\n<!-- {\"name\":\"Resources\",\"type\":\"layout\",\"children\":[{\"name\":\"Hero\",\"type\":\"section\",\"props\":{\"animation\":\"slide-bottom-medium\",\"animation_delay\":\"200\",\"image\":\"wp-content\\\/uploads\\\/2021\\\/01\\\/DSC01017.jpg\",\"image_parallax_bgy\":\"0,-500\",\"image_position\":\"bottom-center\",\"image_size\":\"cover\",\"image_width\":\"1920\",\"media\":\"images\\\/service-header.jpg\",\"overlap\":true,\"padding\":\"xlarge\",\"style\":\"secondary\",\"title_breakpoint\":\"xl\",\"title_position\":\"top-left\",\"title_rotation\":\"left\",\"vertical_align\":\"middle\",\"width\":\"large\"},\"children\":[{\"name\":\"\",\"type\":\"row\",\"children\":[{\"name\":\"\",\"type\":\"column\",\"props\":{\"image_position\":\"center-center\",\"media_overlay_gradient\":\"\",\"position_sticky_breakpoint\":\"m\",\"width_medium\":\"1-1\"},\"children\":[{\"name\":\"\",\"type\":\"headline\",\"props\":{\"content\":\"\n\n<p><\\\/p>\\nBack to Nature\",\"margin\":\"small\",\"text_align\":\"center\",\"title_element\":\"div\",\"title_style\":\"h5\"}},{\"name\":\"\",\"type\":\"headline\",\"props\":{\"content\":\"Hofgut Braunenberg\",\"margin\":\"small\",\"text_align\":\"center\",\"title_element\":\"h1\",\"title_style\":\"heading-large\"}},{\"type\":\"text\",\"props\":{\"column_breakpoint\":\"m\",\"content\":\"\n\n<p>Gnadenhof - Tierheimat - Lebenshof\\u00a0<\\\/p>\",\"margin\":\"default\",\"text_align\":\"center\",\"text_style\":\"lead\"}}]}]}]},{\"name\":\"About\",\"type\":\"section\",\"props\":{\"image_position\":\"center-center\",\"image_size\":\"cover\",\"padding\":\"large\",\"padding_remove_top\":false,\"style\":\"default\",\"title_breakpoint\":\"xl\",\"title_position\":\"top-left\",\"title_rotation\":\"left\",\"vertical_align\":\"middle\",\"width\":\"large\"},\"children\":[{\"name\":\"\",\"type\":\"row\",\"props\":{\"margin\":\"xlarge\",\"width\":\"small\"},\"children\":[{\"name\":\"\",\"type\":\"column\",\"props\":{\"image_position\":\"center-center\",\"media_overlay_gradient\":\"\",\"position_sticky_breakpoint\":\"m\",\"width_medium\":\"1-1\"},\"children\":[{\"name\":\"\",\"type\":\"text\",\"props\":{\"column_breakpoint\":\"m\",\"content\":\"\n\n<p>Seit dem Jahr 2008 haben alte, kranke, misshandelte, oder schlecht gehaltene Esel, Pferde und Ponys ein besseres Leben auf dem Hofgut Braunenberg, welches die Tierheimat Frederic beherbergt. Namensgeber der Tierheimat ist der mittlerweile 20j\\u00e4hrige Esel Frederic, der zu den ersten Bewohnern des Hofes z\\u00e4hlt. Gegenw\\u00e4rtig sorgen wir daf\\u00fcr, dass 21 Esel, 26 Pferde, 5 Ponys, 5 Ziegen, zwei G\\u00e4nse und Katzen auf dem Hofgut Braunenberg bei Stockach am Bodensee ein artgerechtes und w\\u00fcrdevolles Leben verbringen k\\u00f6nnen.<\\\/p>\",\"dropcap\":true,\"margin\":\"\",\"text_style\":\"lead\"}},{\"name\":\"\",\"type\":\"text\",\"props\":{\"column_breakpoint\":\"m\",\"content\":\"\n\n<p>Moderne Stallungen, \\u00fcber 100 Hektar Wald- und Weidefl\\u00e4che, professionelle und liebevolle Betreuung durch das Team des Hofgutes Braunenberg und die Unterst\\u00fctzung gro\\u00dfz\\u00fcgiger F\\u00f6rderer haben ein einzigartiges Tierparadies in der N\\u00e4he des Bodensees geschaffen.<\\\/p>\\n\n\n<p>Der erfolgreiche Tierschutz am Hofgut Braunenberg kann nur durch Paten, Spender und Sponsoren erm\\u00f6glicht werden. Jede Form der Unterst\\u00fctzung ist wichtig und willkommen, denn nur gemeinsam k\\u00f6nnen wir aktiv und mit Erfolg daf\\u00fcr sorgen, dass auch Tiere zu ihrem Recht auf ein gutes Leben kommen k\\u00f6nnen.<\\\/p>\\n\n\n<p>Zur F\\u00f6rderung dieses Projekts haben wir die \\u201eHofgut Braunenberg Deutschland gemeinn\\u00fctzige GmbH\\u201c gegr\\u00fcndet.<\\\/p>\",\"margin\":\"medium\"}},{\"type\":\"button\",\"props\":{\"grid_column_gap\":\"small\",\"grid_row_gap\":\"small\",\"margin\":\"default\",\"text_align\":\"center\"},\"children\":[{\"type\":\"button_item\",\"props\":{\"button_style\":\"secondary\",\"content\":\"Unsere Arbeit in der Presse\",\"icon_align\":\"left\",\"link\":\"index.php\\\/kontakt-presse\\\/\"}}]}]}]}]},{\"type\":\"section\",\"props\":{\"image_position\":\"center-center\",\"style\":\"default\",\"title_breakpoint\":\"xl\",\"title_position\":\"top-left\",\"title_rotation\":\"left\",\"vertical_align\":\"middle\",\"width\":\"default\"},\"children\":[{\"type\":\"row\",\"children\":[{\"type\":\"column\",\"props\":{\"image_position\":\"center-center\",\"media_overlay_gradient\":\"\",\"position_sticky_breakpoint\":\"m\"},\"children\":[{\"type\":\"video\",\"props\":{\"container_padding_remove\":true,\"margin\":\"default\",\"margin_remove_bottom\":true,\"margin_remove_top\":true,\"text_align\":\"center\",\"video\":\"wp-content\\\/uploads\\\/2023\\\/02\\\/Drohenvideo-1.mp4\",\"video_autoplay\":true,\"video_box_decoration\":\"mask\",\"video_box_decoration_inverse\":false,\"video_controls\":true,\"video_lazyload\":true,\"video_loop\":true,\"video_muted\":true,\"video_poster\":\"wp-content\\\/uploads\\\/2023\\\/02\\\/Weide-3.jpg\"},\"name\":\"Drohnenvideo\"}]}]}]},{\"name\":\"Team\",\"type\":\"section\",\"props\":{\"image_position\":\"center-center\",\"image_size\":\"cover\",\"padding\":\"none\",\"padding_remove_top\":false,\"status\":\"\",\"style\":\"default\",\"title_breakpoint\":\"xl\",\"title_position\":\"top-left\",\"title_rotation\":\"left\",\"vertical_align\":\"middle\",\"width\":\"large\"},\"children\":[{\"name\":\"\",\"type\":\"row\",\"children\":[{\"name\":\"\",\"type\":\"column\",\"props\":{\"image_position\":\"center-center\",\"media_overlay_gradient\":\"\",\"position_sticky_breakpoint\":\"m\",\"width_medium\":\"1-1\"},\"children\":[{\"name\":\"\",\"type\":\"divider\",\"props\":{\"divider_element\":\"hr\",\"margin\":\"large\"}},{\"name\":\"\",\"type\":\"headline\",\"props\":{\"content\":\"Mehr zu uns\",\"margin\":\"medium\",\"margin_remove_top\":false,\"text_align\":\"center\",\"text_align_breakpoint\":\"s\",\"text_align_fallback\":\"left\",\"title_element\":\"h2\"}},{\"name\":\"\",\"type\":\"grid\",\"props\":{\"content_column_breakpoint\":\"m\",\"filter_align\":\"left\",\"filter_all\":true,\"filter_grid_breakpoint\":\"m\",\"filter_grid_width\":\"auto\",\"filter_position\":\"top\",\"filter_style\":\"tab\",\"grid_default\":\"1\",\"grid_medium\":\"3\",\"grid_row_gap\":\"large\",\"icon_width\":80,\"image_align\":\"top\",\"image_grid_breakpoint\":\"m\",\"image_grid_width\":\"1-2\",\"image_svg_color\":\"emphasis\",\"image_width\":\"920\",\"item_animation\":true,\"link_style\":\"default\",\"link_text\":\"Read more\",\"margin\":\"default\",\"meta_align\":\"below-title\",\"meta_color\":\"muted\",\"meta_element\":\"div\",\"meta_margin\":\"remove\",\"meta_style\":\"\",\"parallax_easing\":\"1\",\"show_content\":true,\"show_image\":true,\"show_link\":true,\"show_meta\":true,\"show_title\":true,\"title_align\":\"top\",\"title_element\":\"h3\",\"title_grid_breakpoint\":\"m\",\"title_grid_width\":\"1-2\",\"title_hover_style\":\"reset\"},\"children\":[{\"name\":\"\",\"type\":\"grid_item\",\"props\":{\"content\":\"\n\n<p>Die Mitglieder des Kuratoriums stehen uns als kompetente Berater, Freunde, F\\u00f6rderer und T\\u00fcr\\u00f6ffner stets zur Seite und leisten so einen wichtigen Beitrag zum Erhalt des Hofguts und dem Wohl seiner Bewohner.<\\\/p>\",\"image\":\"wp-content\\\/uploads\\\/2020\\\/12\\\/HofgutBraunenberg_TierheimatFrederic-Stockach_0003_s.jpg\",\"meta\":\"\",\"title\":\"Das Kuratorium\"}},{\"name\":\"\",\"type\":\"grid_item\",\"props\":{\"content\":\"\n\n<p>Mit gro\\u00dfem Engagement arbeitet unser Team aus festen und freien Mitarbeiter:innen t\\u00e4glich bei Wind und Wetter mit den Tieren, sorgen f\\u00fcr die Instandhaltung der Anlage und organisieren alles rund um den vielf\\u00e4ltigen Hofbetrieb.<\\\/p>\",\"image\":\"wp-content\\\/uploads\\\/2023\\\/01\\\/Hofgut-Braunenberg_Gruppenbild_Suedkurier-scaled-e1675166404264.jpg\",\"meta\":\"\",\"title\":\"Unser Team\"}},{\"name\":\"\",\"type\":\"grid_item\",\"props\":{\"content\":\"\n\n<p>Unser Team braucht immer engagierte und motivierte Unterst\\u00fctzung durch Menschen mit Sinn f\\u00fcr Tierwohl und Tierschutz. Freiwillige und Helfer sind dabei ebenso gesucht und willkommen wie Profis aus Land- oder Forstwirtschaft.<a href=\\\"https:\\\/\\\/www.hofgut-braunenberg.de\\\/index.php\\\/ueber-uns\\\/offene-stellen\\\/\\\"><\\\/a><\\\/p>\\n\n\n<h5><a href=\\\"https:\\\/\\\/www.hofgut-braunenberg.de\\\/index.php\\\/ueber-uns\\\/offene-stellen\\\/\\\">Initiativ-Bewerbung<\\\/a><\\\/h5>\",\"image\":\"wp-content\\\/uploads\\\/2023\\\/02\\\/Heuernte-Teil-1-2015-021-e1675338496351.jpg\",\"meta\":\"\",\"title\":\"Offene Stellen\"}}]},{\"type\":\"divider\",\"props\":{\"divider_element\":\"hr\"}}]}]},{\"type\":\"row\",\"children\":[{\"type\":\"column\",\"props\":{\"image_position\":\"center-center\",\"media_overlay_gradient\":\"\",\"position_sticky_breakpoint\":\"m\"},\"children\":[]}]}]},{\"type\":\"section\",\"props\":{\"image_position\":\"center-center\",\"style\":\"primary\",\"title_breakpoint\":\"xl\",\"title_position\":\"top-left\",\"title_rotation\":\"left\",\"vertical_align\":\"middle\",\"width\":\"default\"},\"children\":[{\"type\":\"row\",\"children\":[{\"type\":\"column\",\"props\":{\"image_position\":\"center-center\",\"media_overlay_gradient\":\"\",\"position_sticky_breakpoint\":\"m\"},\"children\":[{\"type\":\"quotation\",\"props\":{\"block_align\":\"center\",\"content\":\"\n\n<p>\\u201eAuf dem Hofgut Braunenberg achten, pflegen und sch\\u00fctzen wir Tiere, deren bisheriges Leben oft von Leid, Missbrauch und Qual bestimmt war. Dabei verzichten wir gerne auf Politik und Weltanschauung, denn Tierwohl ist keine Frage von Parteizugeh\\u00f6rigkeit, sondern ein Symbol f\\u00fcr eine humanistische und entwickelte Gesellschaft \\u2013 mithin ein Zeichen der Menschlichkeit.\\u201c<\\\/p>\",\"margin\":\"default\",\"maxwidth\":\"large\",\"text_align\":\"center\"}}]}]}]},{\"type\":\"section\",\"props\":{\"image_position\":\"center-center\",\"style\":\"default\",\"title_breakpoint\":\"xl\",\"title_position\":\"top-left\",\"title_rotation\":\"left\",\"vertical_align\":\"middle\",\"width\":\"default\"},\"children\":[{\"type\":\"row\",\"children\":[{\"type\":\"column\",\"props\":{\"image_position\":\"center-center\",\"media_overlay_gradient\":\"\",\"position_sticky_breakpoint\":\"m\"},\"children\":[{\"type\":\"totop\",\"props\":{\"margin\":\"default\",\"text_align\":\"center\",\"title\":\"zur\\u00fcck nach oben\",\"title_grid_column_gap\":\"\",\"title_grid_row_gap\":\"\"}}]}]}]},{\"name\":\"Partners\",\"type\":\"section\",\"props\":{\"animation\":\"scale-up\",\"class\":\"\",\"image\":\"wp-content\\\/uploads\\\/2020\\\/12\\\/Footer_Landschaft_AS225457179.jpg\",\"image_position\":\"bottom-center\",\"image_size\":\"contain\",\"image_width\":\"1920\",\"media_overlay\":\"rgba(255, 255, 255, 0.87)\",\"overlap\":true,\"padding\":\"xlarge\",\"status\":\"disabled\",\"style\":\"default\",\"title_breakpoint\":\"xl\",\"title_position\":\"top-left\",\"title_rotation\":\"left\",\"vertical_align\":\"middle\",\"width\":\"xlarge\"},\"children\":[{\"name\":\"\",\"type\":\"row\",\"props\":{\"margin\":\"large\"},\"children\":[{\"name\":\"\",\"type\":\"column\",\"props\":{\"image_position\":\"center-center\",\"media_overlay_gradient\":\"\",\"position_sticky_breakpoint\":\"m\",\"width_medium\":\"1-1\"},\"children\":[{\"name\":\"\",\"type\":\"headline\",\"props\":{\"animation\":\"slide-top-medium\",\"content\":\"Helfen und unterst\\u00fctzen\",\"margin\":\"small\",\"text_align\":\"center\",\"title_element\":\"h2\",\"title_style\":\"h5\"}},{\"name\":\"\",\"type\":\"headline\",\"props\":{\"animation\":\"slide-bottom-medium\",\"content\":\" Unsere Partner sind:\",\"margin\":\"small\",\"text_align\":\"center\",\"title_element\":\"h3\",\"title_style\":\"h1\"}},{\"name\":\"\",\"type\":\"divider\",\"props\":{\"block_align\":\"center\",\"divider_element\":\"div\",\"divider_style\":\"icon\",\"maxwidth\":\"medium\"}}]}]},{\"name\":\"\",\"type\":\"row\",\"children\":[{\"name\":\"\",\"type\":\"column\",\"props\":{\"image_position\":\"center-center\",\"media_overlay_gradient\":\"\",\"position_sticky_breakpoint\":\"m\",\"width_medium\":\"1-1\"},\"children\":[{\"name\":\"\",\"type\":\"grid\",\"props\":{\"content_column_breakpoint\":\"m\",\"filter_align\":\"left\",\"filter_all\":true,\"filter_grid_breakpoint\":\"m\",\"filter_grid_width\":\"auto\",\"filter_position\":\"top\",\"filter_style\":\"tab\",\"grid_column_gap\":\"collapse\",\"grid_default\":\"1\",\"grid_medium\":\"4\",\"grid_row_gap\":\"collapse\",\"grid_small\":\"2\",\"icon_width\":80,\"image_align\":\"top\",\"image_grid_breakpoint\":\"m\",\"image_grid_width\":\"1-2\",\"image_svg_color\":\"emphasis\",\"image_svg_inline\":false,\"item_animation\":true,\"link_style\":\"default\",\"link_text\":\"\",\"margin\":\"default\",\"meta_align\":\"below-title\",\"meta_element\":\"div\",\"meta_style\":\"text-meta\",\"panel_link\":true,\"panel_padding\":\"default\",\"panel_style\":\"card-hover\",\"parallax_easing\":\"1\",\"show_content\":true,\"show_image\":true,\"show_link\":true,\"show_meta\":true,\"show_title\":false,\"text_align\":\"center\",\"title_align\":\"top\",\"title_element\":\"h3\",\"title_grid_breakpoint\":\"m\",\"title_grid_width\":\"1-2\",\"title_hover_style\":\"reset\"},\"children\":[{\"name\":\"\",\"type\":\"grid_item\",\"props\":{\"image\":\"wp-content\\\/uploads\\\/registry-06.svg\",\"link\":\"#\",\"title\":\"Logo 01\"}},{\"name\":\"\",\"type\":\"grid_item\",\"props\":{\"image\":\"wp-content\\\/uploads\\\/registry-01.svg\",\"link\":\"#\",\"title\":\"Logo 02\"}},{\"name\":\"\",\"type\":\"grid_item\",\"props\":{\"image\":\"wp-content\\\/uploads\\\/resources-logo-01.svg\",\"link\":\"#\",\"title\":\"Logo 03\"}},{\"name\":\"\",\"type\":\"grid_item\",\"props\":{\"image\":\"wp-content\\\/uploads\\\/sponsors-logo-14.svg\",\"link\":\"#\",\"title\":\"Logo 04\"}},{\"name\":\"\",\"type\":\"grid_item\",\"props\":{\"image\":\"wp-content\\\/uploads\\\/sponsors-logo-08.svg\",\"link\":\"#\",\"title\":\"Logo 05\"}},{\"name\":\"\",\"type\":\"grid_item\",\"props\":{\"image\":\"wp-content\\\/uploads\\\/sponsors-logo-03.svg\",\"link\":\"#\",\"title\":\"Logo 06\"}},{\"name\":\"\",\"type\":\"grid_item\",\"props\":{\"image\":\"wp-content\\\/uploads\\\/sponsors-logo-05.svg\",\"link\":\"#\",\"title\":\"Logo 07\"}},{\"name\":\"\",\"type\":\"grid_item\",\"props\":{\"image\":\"wp-content\\\/uploads\\\/sponsors-logo-02.svg\",\"link\":\"#\",\"title\":\"Logo 08\"}}]}]}]}]}],\"version\":\"3.0.14\"} --><\/p>\n","protected":false},"excerpt":{"rendered":"<p>Back to Nature Hofgut Braunenberg Gnadenhof &#8211; Tierheimat &#8211; Lebenshof\u00a0 Seit dem Jahr 2008 haben alte, kranke, misshandelte, oder schlecht gehaltene Esel, Pferde und Ponys ein besseres Leben auf dem Hofgut Braunenberg, welches die Tierheimat Frederic beherbergt. Namensgeber der Tierheimat ist der mittlerweile 20j\u00e4hrige Esel Frederic, der zu den ersten Bewohnern des Hofes z\u00e4hlt. Gegenw\u00e4rtig [&hellip;]<\/p>\n","protected":false},"author":2,"featured_media":0,"parent":0,"menu_order":3,"comment_status":"closed","ping_status":"closed","template":"","meta":{"footnotes":""},"_links":{"self":[{"href":"https:\/\/www.hofgut-braunenberg.de\/index.php\/wp-json\/wp\/v2\/pages\/64"}],"collection":[{"href":"https:\/\/www.hofgut-braunenberg.de\/index.php\/wp-json\/wp\/v2\/pages"}],"about":[{"href":"https:\/\/www.hofgut-braunenberg.de\/index.php\/wp-json\/wp\/v2\/types\/page"}],"author":[{"embeddable":true,"href":"https:\/\/www.hofgut-braunenberg.de\/index.php\/wp-json\/wp\/v2\/users\/2"}],"replies":[{"embeddable":true,"href":"https:\/\/www.hofgut-braunenberg.de\/index.php\/wp-json\/wp\/v2\/comments?post=64"}],"version-history":[{"count":114,"href":"https:\/\/www.hofgut-braunenberg.de\/index.php\/wp-json\/wp\/v2\/pages\/64\/revisions"}],"predecessor-version":[{"id":1954,"href":"https:\/\/www.hofgut-braunenberg.de\/index.php\/wp-json\/wp\/v2\/pages\/64\/revisions\/1954"}],"wp:attachment":[{"href":"https:\/\/www.hofgut-braunenberg.de\/index.php\/wp-json\/wp\/v2\/media?parent=64"}],"curies":[{"name":"wp","href":"https:\/\/api.w.org\/{rel}","templated":true}]}}