{"id":613,"date":"2021-02-11T15:26:03","date_gmt":"2021-02-11T14:26:03","guid":{"rendered":"https:\/\/staging.hofgutbraunenberg.com\/?page_id=613"},"modified":"2023-06-14T18:43:51","modified_gmt":"2023-06-14T16:43:51","slug":"ponys","status":"publish","type":"page","link":"https:\/\/www.hofgut-braunenberg.de\/index.php\/bewohner\/ponys\/","title":{"rendered":"Ponys"},"content":{"rendered":"<h1>Unsere Ponys<\/h1>\n<hr>\n<div>\n<p>Auf dem Hof leben drei Shetlandponys, ein Welsh Pony Mix und ein deutsches Reitpony. Letzteres ist Zetor, der einzige Hengst auf dem Hof, der fairerweise unter den Pferden aufgef\u00fchrt ist. Unsere quirligen Ponys bereiten uns tagt\u00e4glich viel Freude. Angie, das auf einem Auge blinde Shetty, und B\u00e4rbel &amp; Jury teilen sich Stall und Wiese. Falada ist mit in der gro\u00dfen Wallachherde auf der Weide, denn Falada ist durchsetzungsstark und hat gro\u00dfen Spa\u00df daran, seinen Schabernack mit den Gro\u00dfen zu treiben. Besonders Spa\u00df hat er daran mit Scotti zu spielen, der das gelassenste Pferd in der Gruppe ist.<\/p>\n<\/div>\n<ul>\n<li>\n<p>        <img decoding=\"async\" src=\"\/wp-content\/uploads\/2023\/05\/20230503_120223-scaled-e1683825327403.jpg\" alt=\"\"><\/p>\n<h2>Luna<\/h2>\n<div>\n<p><strong>Rasse:<\/strong> Pony<br \/><strong>Geboren:<\/strong> 1993<br \/>\u00a0<\/p>\n<\/div>\n<\/li>\n<li>\n<p>        <img decoding=\"async\" src=\"\/wp-content\/uploads\/2021\/02\/baerbel-auf-dem-hofgut-braunenberg.jpg\" alt=\"\"><\/p>\n<h2>B\u00e4rbel<\/h2>\n<div>\n<p><strong>Rasse: <\/strong>Shetlandpony<br \/><strong>Geboren: <\/strong>2004<br \/>&nbsp;<\/p>\n<\/div>\n<\/li>\n<li>\n<p>        <img decoding=\"async\" src=\"\/wp-content\/uploads\/2021\/02\/Jury-auf-dem-Hofgut-Braunenberg_01.jpg\" alt=\"\"><\/p>\n<p><img decoding=\"async\" src=\"\/wp-content\/uploads\/2021\/02\/Jury-auf-dem-Hofgut-Braunenberg_02.jpg\" alt=\"\"><\/p>\n<h2>Jury<\/h2>\n<div>\n<p><strong>Rasse:<\/strong> Shetlandpony<br \/><strong>Geboren:<\/strong> &nbsp;&nbsp;&nbsp;&nbsp;<br \/>&nbsp;<\/p>\n<\/div>\n<\/li>\n<li>\n<p>        <img decoding=\"async\" src=\"\/wp-content\/uploads\/2023\/06\/Falada.jpg\" alt=\"\"><\/p>\n<h2>Falada<\/h2>\n<div>\n<p><strong>Rasse:<\/strong> Welsh-Pony Mix<br \/><strong>Geboren:<\/strong> 2009<br \/>&nbsp;<\/p>\n<\/div>\n<\/li>\n<\/ul>\n<p><!--more--><br \/>\n<!-- {\"name\":\"Services\",\"type\":\"layout\",\"children\":[{\"name\":\"Hero\",\"type\":\"section\",\"props\":{\"image_position\":\"center-center\",\"padding\":\"large\",\"style\":\"default\",\"title\":\"\",\"title_breakpoint\":\"l\",\"title_position\":\"top-right\",\"title_rotation\":\"left\",\"vertical_align\":\"middle\",\"width\":\"xlarge\"},\"children\":[{\"name\":\"\",\"type\":\"row\",\"children\":[{\"name\":\"\",\"type\":\"column\",\"props\":{\"image_position\":\"center-center\",\"media_overlay_gradient\":\"\",\"position_sticky_breakpoint\":\"m\",\"width_medium\":\"1-1\"},\"children\":[{\"type\":\"headline\",\"props\":{\"content\":\"Unsere Ponys\",\"text_align\":\"center\",\"title_element\":\"h1\"}},{\"type\":\"divider\",\"props\":{\"divider_element\":\"hr\",\"divider_style\":\"icon\"}},{\"type\":\"text\",\"props\":{\"column_breakpoint\":\"m\",\"content\":\"\n\n<p><\\\/p>\\n\n\n<p>Auf dem Hof leben drei Shetlandponys, ein Welsh Pony Mix und ein deutsches Reitpony. Letzteres ist Zetor, der einzige Hengst auf dem Hof, der fairerweise unter den Pferden aufgef\\u00fchrt ist. Unsere quirligen Ponys bereiten uns tagt\\u00e4glich viel Freude. Angie, das auf einem Auge blinde Shetty, und B\\u00e4rbel &amp; Jury teilen sich Stall und Wiese. Falada ist mit in der gro\\u00dfen Wallachherde auf der Weide, denn Falada ist durchsetzungsstark und hat gro\\u00dfen Spa\\u00df daran, seinen Schabernack mit den Gro\\u00dfen zu treiben. Besonders Spa\\u00df hat er daran mit Scotti zu spielen, der das gelassenste Pferd in der Gruppe ist.<\\\/p>\",\"margin\":\"default\"}}]}]}]},{\"name\":\"Services\",\"type\":\"section\",\"props\":{\"animation_delay\":false,\"image_position\":\"center-center\",\"padding\":\"xsmall\",\"padding_remove_bottom\":false,\"padding_remove_top\":false,\"style\":\"default\",\"title\":\"\",\"title_breakpoint\":\"s\",\"title_position\":\"top-right\",\"title_rotation\":\"left\",\"vertical_align\":\"middle\",\"width\":\"\"},\"children\":[{\"name\":\"\",\"type\":\"row\",\"props\":{\"margin_remove_bottom\":false,\"margin_remove_top\":false},\"children\":[{\"name\":\"\",\"type\":\"column\",\"props\":{\"image_position\":\"center-center\",\"media_overlay_gradient\":\"\",\"position_sticky_breakpoint\":\"m\",\"width_medium\":\"1-1\"},\"children\":[{\"name\":\"\",\"type\":\"gallery\",\"props\":{\"animation\":\"none\",\"filter_align\":\"left\",\"filter_all\":true,\"filter_grid_breakpoint\":\"m\",\"filter_grid_width\":\"auto\",\"filter_position\":\"top\",\"filter_style\":\"tab\",\"grid_column_gap\":\"medium\",\"grid_default\":\"1\",\"grid_divider\":false,\"grid_masonry\":false,\"grid_medium\":\"4\",\"grid_row_align\":true,\"grid_row_gap\":\"medium\",\"grid_small\":\"2\",\"grid_xlarge\":\"5\",\"image_height\":\"857\",\"image_transition\":\"scale-up\",\"image_width\":\"678\",\"item_animation\":true,\"link_style\":\"default\",\"link_text\":\"\",\"margin\":\"\",\"meta_align\":\"below-title\",\"meta_element\":\"div\",\"meta_style\":\"\",\"overlay_hover\":true,\"overlay_link\":true,\"overlay_maxwidth\":\"2xlarge\",\"overlay_mode\":\"caption\",\"overlay_padding\":\"none\",\"overlay_position\":\"bottom-center\",\"overlay_style\":\"overlay-default\",\"overlay_transition\":\"fade\",\"parallax_easing\":\"1\",\"show_content\":true,\"show_hover_image\":true,\"show_link\":true,\"show_meta\":true,\"show_title\":true,\"text_align\":\"center\",\"text_color\":\"\",\"title_element\":\"h2\",\"title_hover_style\":\"reset\"},\"children\":[{\"name\":\"\",\"type\":\"gallery_item\",\"props\":{\"content\":\"\n\n<p><strong>Rasse:<\\\/strong> Pony<br \\\/><strong>Geboren:<\\\/strong> 1993<br \\\/>\\u00a0<\\\/p>\",\"hover_image\":\"\",\"image\":\"wp-content\\\/uploads\\\/2023\\\/05\\\/20230503_120223-scaled-e1683825327403.jpg\",\"link\":\"\",\"meta\":\"\",\"title\":\"Luna\"}},{\"name\":\"\",\"type\":\"gallery_item\",\"props\":{\"content\":\"\n\n<p><strong>Rasse: <\\\/strong>Shetlandpony<br \\\/><strong>Geboren: <\\\/strong>2004<br\\\/>&nbsp;<\\\/p>\",\"image\":\"wp-content\\\/uploads\\\/2021\\\/02\\\/baerbel-auf-dem-hofgut-braunenberg.jpg\",\"link\":\"\",\"title\":\"B\\u00e4rbel\"}},{\"name\":\"\",\"type\":\"gallery_item\",\"props\":{\"content\":\"\n\n<p><strong>Rasse:<\\\/strong> Shetlandpony<br \\\/><strong>Geboren:<\\\/strong> &nbsp;&nbsp;&nbsp;&nbsp;<br \\\/>&nbsp;<\\\/p>\",\"hover_image\":\"wp-content\\\/uploads\\\/2021\\\/02\\\/Jury-auf-dem-Hofgut-Braunenberg_02.jpg\",\"image\":\"wp-content\\\/uploads\\\/2021\\\/02\\\/Jury-auf-dem-Hofgut-Braunenberg_01.jpg\",\"link\":\"\",\"title\":\"Jury\"}},{\"name\":\"\",\"type\":\"gallery_item\",\"props\":{\"content\":\"\n\n<p><strong>Rasse:<\\\/strong> Welsh-Pony Mix<br \\\/><strong>Geboren:<\\\/strong> 2009<br \\\/>&nbsp;<\\\/p>\",\"hover_image\":\"\",\"image\":\"wp-content\\\/uploads\\\/2023\\\/06\\\/Falada.jpg\",\"link\":\"\",\"title\":\"Falada\"}}]}]}]}]}],\"version\":\"3.0.14\"} --><\/p>\n","protected":false},"excerpt":{"rendered":"<p>Unsere Ponys Auf dem Hof leben drei Shetlandponys, ein Welsh Pony Mix und ein deutsches Reitpony. Letzteres ist Zetor, der einzige Hengst auf dem Hof, der fairerweise unter den Pferden aufgef\u00fchrt ist. Unsere quirligen Ponys bereiten uns tagt\u00e4glich viel Freude. Angie, das auf einem Auge blinde Shetty, und B\u00e4rbel &amp; Jury teilen sich Stall und [&hellip;]<\/p>\n","protected":false},"author":2,"featured_media":0,"parent":120,"menu_order":3,"comment_status":"closed","ping_status":"closed","template":"","meta":{"footnotes":""},"_links":{"self":[{"href":"https:\/\/www.hofgut-braunenberg.de\/index.php\/wp-json\/wp\/v2\/pages\/613"}],"collection":[{"href":"https:\/\/www.hofgut-braunenberg.de\/index.php\/wp-json\/wp\/v2\/pages"}],"about":[{"href":"https:\/\/www.hofgut-braunenberg.de\/index.php\/wp-json\/wp\/v2\/types\/page"}],"author":[{"embeddable":true,"href":"https:\/\/www.hofgut-braunenberg.de\/index.php\/wp-json\/wp\/v2\/users\/2"}],"replies":[{"embeddable":true,"href":"https:\/\/www.hofgut-braunenberg.de\/index.php\/wp-json\/wp\/v2\/comments?post=613"}],"version-history":[{"count":27,"href":"https:\/\/www.hofgut-braunenberg.de\/index.php\/wp-json\/wp\/v2\/pages\/613\/revisions"}],"predecessor-version":[{"id":1849,"href":"https:\/\/www.hofgut-braunenberg.de\/index.php\/wp-json\/wp\/v2\/pages\/613\/revisions\/1849"}],"up":[{"embeddable":true,"href":"https:\/\/www.hofgut-braunenberg.de\/index.php\/wp-json\/wp\/v2\/pages\/120"}],"wp:attachment":[{"href":"https:\/\/www.hofgut-braunenberg.de\/index.php\/wp-json\/wp\/v2\/media?parent=613"}],"curies":[{"name":"wp","href":"https:\/\/api.w.org\/{rel}","templated":true}]}}