{"id":529,"date":"2021-02-11T14:52:50","date_gmt":"2021-02-11T13:52:50","guid":{"rendered":"https:\/\/staging.hofgutbraunenberg.com\/?page_id=529"},"modified":"2025-01-16T10:20:55","modified_gmt":"2025-01-16T09:20:55","slug":"pferde","status":"publish","type":"page","link":"https:\/\/www.hofgut-braunenberg.de\/index.php\/bewohner\/pferde\/","title":{"rendered":"Pferde"},"content":{"rendered":"<h1>\n<p style=\"text-align: center;\">Unsere Pferde<\/p>\n<\/h1>\n<hr>\n<div>\n<p>Drei\u00dfig Pferde und f\u00fcnf Ponys genie\u00dfen ihren Lebensabend auf dem Braunenberg. Nicht alle Tiere sind alt, aber alle haben sich ihren Ruhestand redlich verdient. Die Jungspunde sind Laura und Misou (beide 13 Jahre alt). Die \u00c4lteste ist Princess, mit stolzen 36 Jahren. Unsere Stuten-Herde wird angef\u00fchrt von einem F\u00fchrungs-Trio: Misou, Brigitte und Caramela. Misou ist eben jung und durchsetzungsstark und Brigitte und Caramela haben den Gr\u00f6\u00dfenvorteil. Bei den Jungs ist Otto der Anf\u00fchrer. Otto ist auch das gr\u00f6\u00dfte Pferd im Stall, ein bayrisches Warmblut. Seine Schwester Doro bewohnt die Box gleich neben ihm. Einige Familienmitglieder leben zusammen auf dem Braunenberg. Lady ist die Mutter von Caramela und Timmy der Vater von Humphrey. Und es gibt auch dicke Freundschaften wie die von Pia und Fini oder Josi und Lena. Es ist eine bunte Truppe &#8211; vom ehemaligen Springpferd bis zum Rennpferd, vom erfolgreichen Dressurpferd bis zum kleinen Kutschpferd \u2013 jedes hat eine andere Geschichte, die am Ende zu uns auf den Lebenshof gef\u00fchrt hat.<\/p>\n<\/div>\n<ul>\n<li>\n<p>        <img decoding=\"async\" src=\"\/wp-content\/uploads\/2021\/02\/alskaer-auf-dem-hofgut-braunenberg.jpg\" alt=\"\"><\/p>\n<h2>Alskaer<\/h2>\n<div>\n<p><strong>Rasse:<\/strong> Isl\u00e4nder<br \/><strong>Geboren:<\/strong> 1994<\/p>\n<h6>Alskaer sucht weitere Paten (Teilpatenschaften)<br \/>\u00a0<\/h6>\n<\/div>\n<p><a href=\"\/index.php\/bewohner\/pferde\/alskaer\/\"><\/a><\/p>\n<\/li>\n<li>\n<p>        <img decoding=\"async\" src=\"\/wp-content\/uploads\/2021\/02\/brigitte-auf-dem-hofgut-braunenberg.jpg\" alt=\"\"><\/p>\n<h2>Brigitte<\/h2>\n<div>\n<p><strong>Rasse:<\/strong> Schweres Warmblut<br \/><strong>Geboren:<\/strong> 2007<\/p>\n<h6>Brigitte sucht Paten <br \/>(Voll- oder Teilpatenschaft)<\/h6>\n<\/p>\n<\/div>\n<\/li>\n<li>\n<p>        <img decoding=\"async\" src=\"\/wp-content\/uploads\/2021\/02\/cara-manda-auf-dem-hofgut-braunenberg.jpg\" alt=\"\"><\/p>\n<h2>Cara Manda<\/h2>\n<div>\n<p><strong>Rasse:<\/strong> Holl. Warmblut<br \/><strong>Geboren:<\/strong> 2007<\/p>\n<h6>Cara Manda sucht Paten <br \/>(Voll- oder Teilpatenschaft)<br \/>\u00a0<\/h6>\n<\/div>\n<p><a href=\"#2\"><\/a><\/p>\n<\/li>\n<li>\n<p>        <img decoding=\"async\" src=\"\/wp-content\/uploads\/2021\/02\/caramela-auf-dem-hofgut-braunenberg.jpg\" alt=\"\"><\/p>\n<h2>Caramela<\/h2>\n<div>\n<p><strong>Rasse:<\/strong> Friesenmischung<br \/><strong>Geboren:<\/strong> 2012<\/p>\n<h6>Caramela sucht Paten <br \/>(Voll- oder Teilpatenschaft)<br \/>\u00a0<\/h6>\n<\/div>\n<p><a href=\"#2\"><\/a><\/p>\n<\/li>\n<li>\n<p>        <img decoding=\"async\" src=\"\/wp-content\/uploads\/2021\/02\/cillia-auf-dem-hofgut-braunenberg.jpg\" alt=\"\"><\/p>\n<h2>Cillia<\/h2>\n<div>\n<p><strong>Rasse:<\/strong> Warmblut Stute<br \/><strong>Geboren:<\/strong> 1991<\/p>\n<h6>Cillia sucht Paten <br \/>(Voll- oder Teilpatenschaft)<\/h6>\n<\/div>\n<p><a href=\"#2\"><\/a><\/p>\n<\/li>\n<li>\n<p>        <img decoding=\"async\" src=\"\/wp-content\/uploads\/2021\/02\/doro-auf-dem-hofgut-braunenberg.jpg\" alt=\"\"><\/p>\n<h2>Doro<\/h2>\n<div>\n<p><strong>Rasse:<\/strong> Bayerisches Warmblut<br \/><strong>Geboren:<\/strong> 2000<br \/>\u00a0<\/p>\n<h6>Wir danken Doro\u00b4s Paten herzlich f\u00fcr die Unterst\u00fctzung!<\/p>\n<\/h6>\n<\/div>\n<\/li>\n<li>\n<p>        <img decoding=\"async\" src=\"\/wp-content\/uploads\/2021\/02\/franka-auf-dem-hofgut-braunenberg.jpg\" alt=\"\"><\/p>\n<h2>Franka<\/h2>\n<div>\n<p><strong>Rasse:<\/strong> Fuchsstute, Arabermix, Reitpony<br \/><strong>Geboren:<\/strong> 1995<\/p>\n<h6>Franka sucht weitere Paten <br \/>(Teilpatenschaft)<\/h6>\n<\/p>\n<\/div>\n<\/li>\n<li>\n<p>        <img decoding=\"async\" src=\"\/wp-content\/uploads\/2021\/02\/Jasmine-auf-dem-Hofgut-Braunenberg_01.jpg\" alt=\"\"><\/p>\n<p><img decoding=\"async\" src=\"\/wp-content\/uploads\/2021\/02\/Jasmine-auf-dem-Hofgut-Braunenberg_03.jpg\" alt=\"\"><\/p>\n<h2>Jasmine<\/h2>\n<div>\n<p><strong>Rasse:<\/strong> Fuchsstute<br \/><strong>Geboren:<\/strong> 1997<\/p>\n<h6>Wir danken den Paten herzlich f\u00fcr die Unterst\u00fctzung!<\/p>\n<\/h6>\n<\/div>\n<\/li>\n<li>\n<p>        <img decoding=\"async\" src=\"\/wp-content\/uploads\/2021\/02\/lady-auf-dem-hofgut-braunenberg.jpg\" alt=\"\"><\/p>\n<h2>Lady<\/h2>\n<div>\n<p><strong>Rasse:<\/strong> Bayrisches Warmblut<br \/><strong>Geboren:<\/strong> 2004<\/p>\n<h6>Lady sucht weitere Paten (Teilpatenschaft)<\/h6>\n<\/p>\n<\/div>\n<\/li>\n<li>\n<p>        <img decoding=\"async\" src=\"\/wp-content\/uploads\/2021\/02\/Laura_auf-dem-Hofgut-Braunenberg_01.jpg\" alt=\"\"><\/p>\n<p><img decoding=\"async\" src=\"\/wp-content\/uploads\/2021\/02\/Laura_auf-dem-Hofgut-Braunenberg_03.jpg\" alt=\"\"><\/p>\n<h2>Laura<\/h2>\n<div>\n<p><strong>Rasse:<\/strong> Deutsches Reitpony<br \/><strong>Geboren:<\/strong> 2011<\/p>\n<h6>Laura sucht Paten<br \/>(Voll- oder Teilpatenschaft)<\/p>\n<\/h6>\n<\/div>\n<\/li>\n<li>\n<p>        <img decoding=\"async\" src=\"\/wp-content\/uploads\/2021\/02\/misou-auf-dem-hofgut-braunenberg.jpg\" alt=\"\"><\/p>\n<h2>Misou<\/h2>\n<div>\n<p><strong>Rasse:<\/strong> Haflinger<br \/><strong>Geboren:<\/strong> 2011<\/p>\n<h6>Wir danken Misou\u00b4s Patin herzlich f\u00fcr Ihre Unterst\u00fctzung!<\/p>\n<\/h6>\n<\/div>\n<\/li>\n<li>\n<p>        <img decoding=\"async\" src=\"\/wp-content\/uploads\/2021\/02\/otto-auf-dem-hofgut-braunenberg.jpg\" alt=\"\"><\/p>\n<h2>Otto<\/h2>\n<div>\n<p><strong>Rasse:<\/strong> Bayerisches Warmblut<br \/><strong>Geboren:<\/strong> 2001<\/p>\n<h6>Wir danken Otto\u00b4s Paten herzlich f\u00fcr die Unterst\u00fctzung!\u00a0<\/p>\n<\/h6>\n<\/div>\n<\/li>\n<li>\n<p>        <img decoding=\"async\" src=\"\/wp-content\/uploads\/2021\/02\/pia-auf-dem-hofgut-braunenberg.jpg\" alt=\"\"><\/p>\n<h2>Pia<\/h2>\n<div>\n<p><strong>Rasse:<\/strong> Warmblutstute<br \/><strong>Geboren:<\/strong> 1995<\/p>\n<h6>Pia sucht Paten<br \/>(voll- oder Teilpatenschaft)<\/p>\n<p><\/h6>\n<\/div>\n<\/li>\n<li>\n<p>        <img decoding=\"async\" src=\"\/wp-content\/uploads\/2021\/02\/rabin-auf-dem-hofgut-braunenberg.jpg\" alt=\"\"><\/p>\n<h2>Rabin<\/h2>\n<div>\n<p><strong>Rasse:<\/strong> Schweizer Warmblut<br \/><strong>Geboren:<\/strong> 1996<\/p>\n<h6>Wir danken den Paten herzlich f\u00fcr die Unterst\u00fctzung!<\/p>\n<p>\u00a0<\/h6>\n<\/div>\n<\/li>\n<li>\n<p>        <img decoding=\"async\" src=\"\/wp-content\/uploads\/2021\/02\/soleil-auf-dem-hofgut-braunenberg.jpg\" alt=\"\"><\/p>\n<h2>Soleil<\/h2>\n<div>\n<p><strong>Rasse:<\/strong> Franz\u00f6sischer Traber<br \/><strong>Geboren:<\/strong> 2006<\/p>\n<h6>Soleil sucht Paten<br \/>(Voll- oder Teilpatenschaft)<\/p>\n<p>\u00a0<\/h6>\n<\/div>\n<\/li>\n<li>\n<p>        <img decoding=\"async\" src=\"\/wp-content\/uploads\/2021\/02\/Zetor-auf-dem-Hofgut-Braunenberg.jpg\" alt=\"\"><\/p>\n<h2>Zetor<\/h2>\n<div>\n<p><strong>Rasse:<\/strong> Reitpony<br \/><strong>Geboren:<\/strong> 1991<\/p>\n<h6>Zetor sucht weitere Paten (Teilpatenschaften)\u00a0<\/p>\n<\/h6>\n<\/div>\n<\/li>\n<li>\n<p>        <img decoding=\"async\" src=\"\/wp-content\/uploads\/2023\/01\/IMG_9181.jpg\" alt=\"\"><\/p>\n<h2>Scotti<\/h2>\n<div>\n<p><strong>Rasse<\/strong>: Criollo<br \/><strong>geboren<\/strong>: 1999<\/p>\n<h6>Wir danken den Paten f\u00fcr die Unterst\u00fctzung!<\/p>\n<\/h6>\n<\/div>\n<\/li>\n<li>\n<p>        <img decoding=\"async\" src=\"\/wp-content\/uploads\/2023\/01\/Humphrey.jpg\" alt=\"\"><\/p>\n<h2>Humphrey<\/h2>\n<div>\n<p><strong>Rasse<\/strong>: Quarter Horse<br \/><strong>geboren<\/strong>: 2004<\/p>\n<h6>Humphrey sucht Paten<br \/>(Voll- oder Teilpatenschaft)<\/p>\n<\/h6>\n<\/div>\n<\/li>\n<li>\n<p>        <img decoding=\"async\" src=\"\/wp-content\/uploads\/2023\/01\/Timmy-1.jpg\" alt=\"\"><\/p>\n<h2>Timmy<\/h2>\n<div>\n<p><strong>Rasse<\/strong>: Quarter Horse<br \/><strong>geboren<\/strong>: 1999<\/p>\n<h6>Timmy sucht Paten<br \/>(Voll- oder Teilpatenschaft)<\/p>\n<\/h6>\n<\/div>\n<\/li>\n<li>\n<p>        <img decoding=\"async\" src=\"\/wp-content\/uploads\/2023\/01\/Sunny.jpg\" alt=\"\"><\/p>\n<h2>Sunny<\/h2>\n<div>\n<p><strong>Rasse<\/strong>: Quarter Horse<br \/><strong>geboren<\/strong>: 2005<\/p>\n<h6>Sunny sucht Paten<br \/>(Voll- oder Teilpatenschaft)<\/p>\n<\/h6>\n<\/div>\n<\/li>\n<\/ul>\n<p><!--more--><br \/>\n<!-- {\"name\":\"Services\",\"type\":\"layout\",\"children\":[{\"name\":\"Hero\",\"type\":\"section\",\"props\":{\"image_position\":\"center-center\",\"padding\":\"large\",\"style\":\"default\",\"title\":\"\",\"title_breakpoint\":\"l\",\"title_position\":\"top-right\",\"title_rotation\":\"left\",\"vertical_align\":\"middle\",\"width\":\"xlarge\"},\"children\":[{\"name\":\"\",\"type\":\"row\",\"children\":[{\"name\":\"\",\"type\":\"column\",\"props\":{\"image_position\":\"center-center\",\"media_overlay_gradient\":\"\",\"position_sticky_breakpoint\":\"m\",\"width_medium\":\"1-1\"},\"children\":[{\"name\":\"\",\"type\":\"headline\",\"props\":{\"animation\":\"parallax\",\"content\":\"\n\n<p style=\\\"text-align: center;\\\">Unsere Pferde<\\\/p>\",\"parallax_breakpoint\":\"m\",\"parallax_easing\":\"1\",\"parallax_y\":\"0,-75\",\"title_element\":\"h1\",\"title_style\":\"h1\"}},{\"type\":\"divider\",\"props\":{\"animation\":\"none\",\"divider_element\":\"hr\",\"divider_style\":\"icon\",\"margin\":\"default\"}},{\"type\":\"text\",\"props\":{\"column_breakpoint\":\"m\",\"content\":\"\n\n<p><\\\/p>\\n\n\n<p>Drei\\u00dfig Pferde und f\\u00fcnf Ponys genie\\u00dfen ihren Lebensabend auf dem Braunenberg. Nicht alle Tiere sind alt, aber alle haben sich ihren Ruhestand redlich verdient. Die Jungspunde sind Laura und Misou (beide 13 Jahre alt). Die \\u00c4lteste ist Princess, mit stolzen 36 Jahren. Unsere Stuten-Herde wird angef\\u00fchrt von einem F\\u00fchrungs-Trio: Misou, Brigitte und Caramela. Misou ist eben jung und durchsetzungsstark und Brigitte und Caramela haben den Gr\\u00f6\\u00dfenvorteil. Bei den Jungs ist Otto der Anf\\u00fchrer. Otto ist auch das gr\\u00f6\\u00dfte Pferd im Stall, ein bayrisches Warmblut. Seine Schwester Doro bewohnt die Box gleich neben ihm. Einige Familienmitglieder leben zusammen auf dem Braunenberg. Lady ist die Mutter von Caramela und Timmy der Vater von Humphrey. Und es gibt auch dicke Freundschaften wie die von Pia und Fini oder Josi und Lena. Es ist eine bunte Truppe - vom ehemaligen Springpferd bis zum Rennpferd, vom erfolgreichen Dressurpferd bis zum kleinen Kutschpferd \\u2013 jedes hat eine andere Geschichte, die am Ende zu uns auf den Lebenshof gef\\u00fchrt hat.<\\\/p>\",\"margin\":\"default\"}}]}]}]},{\"name\":\"Services\",\"type\":\"section\",\"props\":{\"animation_delay\":false,\"image_position\":\"center-center\",\"padding\":\"xsmall\",\"padding_remove_bottom\":false,\"padding_remove_top\":false,\"style\":\"default\",\"title\":\"\",\"title_breakpoint\":\"s\",\"title_position\":\"top-right\",\"title_rotation\":\"left\",\"vertical_align\":\"middle\",\"width\":\"\"},\"children\":[{\"name\":\"\",\"type\":\"row\",\"props\":{\"margin_remove_bottom\":false,\"margin_remove_top\":false},\"children\":[{\"name\":\"\",\"type\":\"column\",\"props\":{\"image_position\":\"center-center\",\"media_overlay_gradient\":\"\",\"position_sticky_breakpoint\":\"m\",\"width_medium\":\"1-1\"},\"children\":[{\"name\":\"\",\"type\":\"gallery\",\"props\":{\"animation\":\"none\",\"filter_align\":\"left\",\"filter_all\":true,\"filter_grid_breakpoint\":\"m\",\"filter_grid_width\":\"auto\",\"filter_position\":\"top\",\"filter_style\":\"tab\",\"grid_column_gap\":\"medium\",\"grid_default\":\"1\",\"grid_divider\":false,\"grid_masonry\":false,\"grid_medium\":\"4\",\"grid_row_align\":true,\"grid_row_gap\":\"medium\",\"grid_small\":\"2\",\"grid_xlarge\":\"5\",\"image_height\":\"857\",\"image_transition\":\"scale-up\",\"image_width\":\"678\",\"item_animation\":true,\"link_style\":\"default\",\"link_text\":\"\",\"margin\":\"\",\"meta_align\":\"below-title\",\"meta_element\":\"div\",\"meta_style\":\"\",\"overlay_hover\":true,\"overlay_link\":true,\"overlay_maxwidth\":\"2xlarge\",\"overlay_mode\":\"caption\",\"overlay_padding\":\"none\",\"overlay_position\":\"bottom-center\",\"overlay_style\":\"overlay-default\",\"overlay_transition\":\"fade\",\"parallax_easing\":\"1\",\"show_content\":true,\"show_hover_image\":true,\"show_link\":true,\"show_meta\":true,\"show_title\":true,\"text_align\":\"center\",\"text_color\":\"\",\"title_element\":\"h2\",\"title_hover_style\":\"reset\"},\"children\":[{\"name\":\"\",\"type\":\"gallery_item\",\"props\":{\"content\":\"\n\n<p><strong>Rasse:<\\\/strong> Isl\\u00e4nder<br \\\/><strong>Geboren:<\\\/strong> 1994<\\\/p>\\n\n\n<h6>Alskaer sucht weitere Paten (Teilpatenschaften)<br \\\/>\\u00a0<\\\/h6>\",\"hover_image\":\"\",\"image\":\"wp-content\\\/uploads\\\/2021\\\/02\\\/alskaer-auf-dem-hofgut-braunenberg.jpg\",\"link\":\"index.php\\\/bewohner\\\/pferde\\\/alskaer\\\/\",\"meta\":\"\",\"title\":\"Alskaer\"}},{\"name\":\"\",\"type\":\"gallery_item\",\"props\":{\"content\":\"\n\n<p><strong>Rasse: <\\\/strong>Isl\\u00e4nder<br \\\/><strong>Geboren: <\\\/strong>1991<\\\/p>\\n\n\n<h6>Andfari sucht weitere Paten (Teilpatenschaften)<\\\/h6>\\n\n\n<p><\\\/p>\",\"image\":\"wp-content\\\/uploads\\\/2021\\\/02\\\/andfari-auf-dem-hofgut-braunenberg.jpg\",\"link\":\"index.php\\\/bewohner\\\/pferde\\\/andfari\\\/\",\"status\":\"disabled\",\"title\":\"Andfari\"}},{\"name\":\"\",\"type\":\"gallery_item\",\"props\":{\"content\":\"\n\n<p><strong>Rasse:<\\\/strong> Schweres Warmblut<br \\\/><strong>Geboren:<\\\/strong> 2007<\\\/p>\\n\n\n<h6>Brigitte sucht Paten <br \\\/>(Voll- oder Teilpatenschaft)<\\\/h6>\\n\n\n<p><\\\/p>\",\"hover_image\":\"\",\"image\":\"wp-content\\\/uploads\\\/2021\\\/02\\\/brigitte-auf-dem-hofgut-braunenberg.jpg\",\"link\":\"\",\"title\":\"Brigitte\"}},{\"name\":\"\",\"type\":\"gallery_item\",\"props\":{\"content\":\"\n\n<p><strong>Rasse:<\\\/strong> Holl. Warmblut<br \\\/><strong>Geboren:<\\\/strong> 2007<\\\/p>\\n\n\n<h6>Cara Manda sucht Paten <br \\\/>(Voll- oder Teilpatenschaft)<br \\\/>\\u00a0<\\\/h6>\",\"image\":\"wp-content\\\/uploads\\\/2021\\\/02\\\/cara-manda-auf-dem-hofgut-braunenberg.jpg\",\"link\":\"#2\",\"title\":\"Cara Manda\"}},{\"name\":\"\",\"type\":\"gallery_item\",\"props\":{\"content\":\"\n\n<p><strong>Rasse:<\\\/strong> Friesenmischung<br \\\/><strong>Geboren:<\\\/strong> 2012<\\\/p>\\n\n\n<h6>Caramela sucht Paten <br \\\/>(Voll- oder Teilpatenschaft)<br \\\/>\\u00a0<\\\/h6>\",\"image\":\"wp-content\\\/uploads\\\/2021\\\/02\\\/caramela-auf-dem-hofgut-braunenberg.jpg\",\"link\":\"#2\",\"title\":\"Caramela\"}},{\"name\":\"\",\"type\":\"gallery_item\",\"props\":{\"content\":\"\n\n<p><strong>Rasse:<\\\/strong> Warmblut Stute<br \\\/><strong>Geboren:<\\\/strong> 1991<\\\/p>\\n\n\n<h6>Cillia sucht Paten <br \\\/>(Voll- oder Teilpatenschaft)<\\\/h6>\",\"image\":\"wp-content\\\/uploads\\\/2021\\\/02\\\/cillia-auf-dem-hofgut-braunenberg.jpg\",\"link\":\"#2\",\"title\":\"Cillia\"}},{\"name\":\"\",\"type\":\"gallery_item\",\"props\":{\"content\":\"\n\n<p><strong>Rasse:<\\\/strong> Bayerisches Warmblut<br \\\/><strong>Geboren:<\\\/strong> 2000<br \\\/>\\u00a0<\\\/p>\\n\n\n<h6>Wir danken Doro\\u00b4s Paten herzlich f\\u00fcr die Unterst\\u00fctzung!<br \\\/><br \\\/><\\\/h6>\",\"hover_image\":\"\",\"image\":\"wp-content\\\/uploads\\\/2021\\\/02\\\/doro-auf-dem-hofgut-braunenberg.jpg\",\"link\":\"\",\"title\":\"Doro\"}},{\"name\":\"\",\"type\":\"gallery_item\",\"props\":{\"content\":\"\n\n<p><strong>Rasse:<\\\/strong> Fuchsstute, Arabermix, Reitpony<br \\\/><strong>Geboren:<\\\/strong> 1995<\\\/p>\\n\n\n<h6>Franka sucht weitere Paten <br \\\/>(Teilpatenschaft)<\\\/h6>\\n\n\n<p><\\\/p>\",\"hover_image\":\"\",\"image\":\"wp-content\\\/uploads\\\/2021\\\/02\\\/franka-auf-dem-hofgut-braunenberg.jpg\",\"link\":\"\",\"title\":\"Franka\"}},{\"name\":\"\",\"type\":\"gallery_item\",\"props\":{\"content\":\"\n\n<p><strong>Rasse:<\\\/strong> Fuchsstute<br \\\/><strong>Geboren:<\\\/strong> 1997<\\\/p>\\n\n\n<h6>Wir danken den Paten herzlich f\\u00fcr die Unterst\\u00fctzung!<br \\\/><br \\\/><\\\/h6>\",\"hover_image\":\"wp-content\\\/uploads\\\/2021\\\/02\\\/Jasmine-auf-dem-Hofgut-Braunenberg_03.jpg\",\"image\":\"wp-content\\\/uploads\\\/2021\\\/02\\\/Jasmine-auf-dem-Hofgut-Braunenberg_01.jpg\",\"link\":\"\",\"title\":\"Jasmine\"}},{\"name\":\"\",\"type\":\"gallery_item\",\"props\":{\"content\":\"\n\n<p><strong>Rasse:<\\\/strong> Bayrisches Warmblut<br \\\/><strong>Geboren:<\\\/strong> 2004<\\\/p>\\n\n\n<h6><br \\\/>Lady sucht weitere Paten (Teilpatenschaft)<\\\/h6>\\n\n\n<p><\\\/p>\",\"hover_image\":\"\",\"image\":\"wp-content\\\/uploads\\\/2021\\\/02\\\/lady-auf-dem-hofgut-braunenberg.jpg\",\"link\":\"\",\"title\":\"Lady\"}},{\"name\":\"\",\"type\":\"gallery_item\",\"props\":{\"content\":\"\n\n<p><strong>Rasse:<\\\/strong> Deutsches Reitpony<br \\\/><strong>Geboren:<\\\/strong> 2011<\\\/p>\\n\n\n<h6><br \\\/>Laura sucht Paten<br \\\/>(Voll- oder Teilpatenschaft)<br \\\/><br \\\/><\\\/h6>\",\"hover_image\":\"wp-content\\\/uploads\\\/2021\\\/02\\\/Laura_auf-dem-Hofgut-Braunenberg_03.jpg\",\"image\":\"wp-content\\\/uploads\\\/2021\\\/02\\\/Laura_auf-dem-Hofgut-Braunenberg_01.jpg\",\"link\":\"\",\"title\":\"Laura\"}},{\"name\":\"\",\"type\":\"gallery_item\",\"props\":{\"content\":\"\n\n<p><strong>Rasse:<\\\/strong> Haflinger<br \\\/><strong>Geboren:<\\\/strong> 2011<\\\/p>\\n\n\n<h6>Wir danken Misou\\u00b4s Patin herzlich f\\u00fcr Ihre Unterst\\u00fctzung!<br \\\/><br \\\/><\\\/h6>\",\"hover_image\":\"\",\"image\":\"wp-content\\\/uploads\\\/2021\\\/02\\\/misou-auf-dem-hofgut-braunenberg.jpg\",\"link\":\"\",\"title\":\"Misou\"}},{\"name\":\"\",\"type\":\"gallery_item\",\"props\":{\"content\":\"\n\n<p><strong>Rasse:<\\\/strong> Bayerisches Warmblut<br \\\/><strong>Geboren:<\\\/strong> 2001<\\\/p>\\n\n\n<h6>Wir danken Otto\\u00b4s Paten herzlich f\\u00fcr die Unterst\\u00fctzung!\\u00a0<br \\\/><br \\\/><\\\/h6>\",\"hover_image\":\"\",\"image\":\"wp-content\\\/uploads\\\/2021\\\/02\\\/otto-auf-dem-hofgut-braunenberg.jpg\",\"link\":\"\",\"title\":\"Otto\"}},{\"name\":\"\",\"type\":\"gallery_item\",\"props\":{\"content\":\"\n\n<p><strong>Rasse:<\\\/strong> Warmblutstute<br \\\/><strong>Geboren:<\\\/strong> 1995<\\\/p>\\n\n\n<h6>Pia sucht Paten<br \\\/>(voll- oder Teilpatenschaft)<br \\\/><br \\\/><br \\\/><\\\/h6>\",\"hover_image\":\"\",\"image\":\"wp-content\\\/uploads\\\/2021\\\/02\\\/pia-auf-dem-hofgut-braunenberg.jpg\",\"link\":\"\",\"title\":\"Pia\"}},{\"name\":\"\",\"type\":\"gallery_item\",\"props\":{\"content\":\"\n\n<p><strong>Rasse:<\\\/strong> Warmblut<br \\\/><strong>Geboren:<\\\/strong> 1987<\\\/p>\\n\n\n<h6>Princess sucht Paten<br \\\/>(Voll- oder Teilpatenschaft)\\u00a0<br \\\/><br \\\/><\\\/h6>\",\"hover_image\":\"\",\"image\":\"wp-content\\\/uploads\\\/2021\\\/02\\\/princess-auf-dem-hofgut-braunenberg.jpg\",\"link\":\"\",\"status\":\"disabled\",\"title\":\"Princess\"}},{\"name\":\"\",\"type\":\"gallery_item\",\"props\":{\"content\":\"\n\n<p><strong>Rasse:<\\\/strong> Schweizer Warmblut<br \\\/><strong>Geboren:<\\\/strong> 1996<\\\/p>\\n\n\n<h6>Wir danken den Paten herzlich f\\u00fcr die Unterst\\u00fctzung!<br \\\/><br \\\/>\\u00a0<\\\/h6>\",\"hover_image\":\"\",\"image\":\"wp-content\\\/uploads\\\/2021\\\/02\\\/rabin-auf-dem-hofgut-braunenberg.jpg\",\"link\":\"\",\"title\":\"Rabin\"}},{\"name\":\"\",\"type\":\"gallery_item\",\"props\":{\"content\":\"\n\n<p><strong>Rasse:<\\\/strong> Franz\\u00f6sischer Traber<br \\\/><strong>Geboren:<\\\/strong> 2006<\\\/p>\\n\n\n<h6>Soleil sucht Paten<br \\\/>(Voll- oder Teilpatenschaft)<br \\\/><br \\\/>\\u00a0<\\\/h6>\",\"hover_image\":\"\",\"image\":\"wp-content\\\/uploads\\\/2021\\\/02\\\/soleil-auf-dem-hofgut-braunenberg.jpg\",\"link\":\"\",\"title\":\"Soleil\"}},{\"name\":\"\",\"type\":\"gallery_item\",\"props\":{\"content\":\"\n\n<p><strong>Rasse:<\\\/strong> Hannoveraner Warmblut<br \\\/><strong>Geboren:<\\\/strong> 31.12.2003<\\\/p>\\n\n\n<h6>Sloopy sucht Paten<br \\\/>(Voll- oder Teilpatenschaft)<br \\\/>\\u00a0<\\\/h6>\",\"hover_image\":\"\",\"image\":\"wp-content\\\/uploads\\\/2021\\\/02\\\/sloopy-auf-dem-hofgut-braunenberg.jpg\",\"link\":\"\",\"status\":\"disabled\",\"title\":\"Sloopy\"}},{\"name\":\"\",\"type\":\"gallery_item\",\"props\":{\"content\":\"\n\n<p><strong>Rasse:<\\\/strong> Reitpony<br \\\/><strong>Geboren:<\\\/strong> 1991<\\\/p>\\n\n\n<h6>Zetor sucht weitere Paten (Teilpatenschaften)\\u00a0<br \\\/><br \\\/><\\\/h6>\",\"hover_image\":\"\",\"image\":\"wp-content\\\/uploads\\\/2021\\\/02\\\/Zetor-auf-dem-Hofgut-Braunenberg.jpg\",\"link\":\"\",\"title\":\"Zetor\"}},{\"type\":\"gallery_item\",\"props\":{\"content\":\"\n\n<p><strong>Rasse<\\\/strong>: Criollo<br \\\/><strong>geboren<\\\/strong>: 1999<\\\/p>\\n\n\n<h6>Wir danken den Paten f\\u00fcr die Unterst\\u00fctzung!<br \\\/><br \\\/><\\\/h6>\",\"image\":\"wp-content\\\/uploads\\\/2023\\\/01\\\/IMG_9181.jpg\",\"title\":\"Scotti\"}},{\"type\":\"gallery_item\",\"props\":{\"content\":\"\n\n<p><strong>Rasse<\\\/strong>: Quarter Horse<br \\\/><strong>geboren<\\\/strong>: 1997<\\\/p>\\n\n\n<h6>Josi sucht Paten<br \\\/>(Voll- oder Teilpatenschaft)<br \\\/><br \\\/><\\\/h6>\",\"image\":\"wp-content\\\/uploads\\\/2023\\\/01\\\/Josi-1.jpg\",\"status\":\"disabled\",\"title\":\"Josi\"}},{\"type\":\"gallery_item\",\"props\":{\"content\":\"\n\n<p><strong>Rasse<\\\/strong>: Quarter Horse<br \\\/><strong>geboren<\\\/strong>: 2004<\\\/p>\\n\n\n<h6>Humphrey sucht Paten<br \\\/>(Voll- oder Teilpatenschaft)<br \\\/><br \\\/><\\\/h6>\",\"image\":\"wp-content\\\/uploads\\\/2023\\\/01\\\/Humphrey.jpg\",\"title\":\"Humphrey\"}},{\"type\":\"gallery_item\",\"props\":{\"content\":\"\n\n<p><strong>Rasse<\\\/strong>: Quarter Horse<br \\\/><strong>geboren<\\\/strong>: 1999<\\\/p>\\n\n\n<h6>Timmy sucht Paten<br \\\/>(Voll- oder Teilpatenschaft)<br \\\/><br \\\/><\\\/h6>\",\"image\":\"wp-content\\\/uploads\\\/2023\\\/01\\\/Timmy-1.jpg\",\"title\":\"Timmy\"}},{\"type\":\"gallery_item\",\"props\":{\"content\":\"\n\n<p><strong>Rasse<\\\/strong>: Quarter Horse<br \\\/><strong>geboren<\\\/strong>: 2005<\\\/p>\\n\n\n<h6>Sunny sucht Paten<br \\\/>(Voll- oder Teilpatenschaft)<br \\\/><br \\\/><\\\/h6>\",\"image\":\"wp-content\\\/uploads\\\/2023\\\/01\\\/Sunny.jpg\",\"status\":\"\",\"title\":\"Sunny\"}}]}]}]},{\"type\":\"row\",\"children\":[{\"type\":\"column\",\"props\":{\"image_position\":\"center-center\",\"media_overlay_gradient\":\"\",\"position_sticky_breakpoint\":\"m\"},\"children\":[{\"type\":\"totop\",\"props\":{\"margin\":\"default\",\"text_align\":\"center\",\"title\":\"zur\\u00fcck nach oben\",\"title_grid_column_gap\":\"small\",\"title_grid_row_gap\":\"small\"}}]}]},{\"name\":\"\",\"type\":\"row\",\"props\":{\"column_gap\":\"small\",\"layout\":\"2-3,1-3\",\"margin_remove_bottom\":false,\"margin_remove_top\":false,\"row_gap\":\"small\"},\"children\":[{\"name\":\"\",\"type\":\"column\",\"props\":{\"image_position\":\"center-center\",\"media_overlay_gradient\":\"\",\"position_sticky_breakpoint\":\"m\",\"width_medium\":\"2-3\"},\"children\":[]},{\"name\":\"\",\"type\":\"column\",\"props\":{\"image_position\":\"center-center\",\"media_overlay_gradient\":\"\",\"position_sticky_breakpoint\":\"m\",\"vertical_align\":\"middle\",\"width_medium\":\"1-3\"},\"children\":[]}]}]}],\"version\":\"3.0.14\"} --><\/p>\n","protected":false},"excerpt":{"rendered":"<p>Unsere Pferde Drei\u00dfig Pferde und f\u00fcnf Ponys genie\u00dfen ihren Lebensabend auf dem Braunenberg. Nicht alle Tiere sind alt, aber alle haben sich ihren Ruhestand redlich verdient. Die Jungspunde sind Laura und Misou (beide 13 Jahre alt). Die \u00c4lteste ist Princess, mit stolzen 36 Jahren. Unsere Stuten-Herde wird angef\u00fchrt von einem F\u00fchrungs-Trio: Misou, Brigitte und Caramela. [&hellip;]<\/p>\n","protected":false},"author":2,"featured_media":0,"parent":120,"menu_order":2,"comment_status":"closed","ping_status":"closed","template":"","meta":{"footnotes":""},"_links":{"self":[{"href":"https:\/\/www.hofgut-braunenberg.de\/index.php\/wp-json\/wp\/v2\/pages\/529"}],"collection":[{"href":"https:\/\/www.hofgut-braunenberg.de\/index.php\/wp-json\/wp\/v2\/pages"}],"about":[{"href":"https:\/\/www.hofgut-braunenberg.de\/index.php\/wp-json\/wp\/v2\/types\/page"}],"author":[{"embeddable":true,"href":"https:\/\/www.hofgut-braunenberg.de\/index.php\/wp-json\/wp\/v2\/users\/2"}],"replies":[{"embeddable":true,"href":"https:\/\/www.hofgut-braunenberg.de\/index.php\/wp-json\/wp\/v2\/comments?post=529"}],"version-history":[{"count":124,"href":"https:\/\/www.hofgut-braunenberg.de\/index.php\/wp-json\/wp\/v2\/pages\/529\/revisions"}],"predecessor-version":[{"id":2214,"href":"https:\/\/www.hofgut-braunenberg.de\/index.php\/wp-json\/wp\/v2\/pages\/529\/revisions\/2214"}],"up":[{"embeddable":true,"href":"https:\/\/www.hofgut-braunenberg.de\/index.php\/wp-json\/wp\/v2\/pages\/120"}],"wp:attachment":[{"href":"https:\/\/www.hofgut-braunenberg.de\/index.php\/wp-json\/wp\/v2\/media?parent=529"}],"curies":[{"name":"wp","href":"https:\/\/api.w.org\/{rel}","templated":true}]}}