{"id":1792,"date":"2023-05-11T19:35:25","date_gmt":"2023-05-11T17:35:25","guid":{"rendered":"https:\/\/www.hofgut-braunenberg.de\/?page_id=1792"},"modified":"2023-06-14T19:03:25","modified_gmt":"2023-06-14T17:03:25","slug":"luna","status":"publish","type":"page","link":"https:\/\/www.hofgut-braunenberg.de\/index.php\/bewohner\/pferde\/luna\/","title":{"rendered":"Luna, aktueller Zustand"},"content":{"rendered":"<h1>Luna<\/h1>\n<hr>\n<p><img decoding=\"async\" src=\"\/wp-content\/uploads\/2023\/05\/20230503_120223-scaled-e1683825327403.jpg\" alt=\"\"><br \/>\n<img decoding=\"async\" src=\"\/wp-content\/uploads\/2023\/05\/20230517_095253-scaled-e1684665017618.jpg\" alt=\"\"><\/p>\n<div>\n<p>Inzwischen ist sie oft auf der Weide und kommt immer mehr in Kontakt mit ihren Artgenossen, was sie sichtlich genie\u00dft.<\/p>\n<\/div>\n<div>\n<\/p>\n<\/p>\n<p>Damit nicht in Vergessenheit ger\u00e4t, wie Luna bei uns ankam:<\/p>\n<\/div>\n<p><img decoding=\"async\" src=\"\/wp-content\/uploads\/2023\/05\/IMG-20230429-WA0011.jpg\" alt=\"\"><\/p>\n<p>\n    <a href=\"\/index.php\/bewohner\/pferde\/\">zur\u00fcck zur \u00dcbersicht<\/a>\n<\/p>\n<p><img decoding=\"async\" src=\"\/wp-content\/uploads\/2023\/05\/20230508_120232-scaled.jpg\" alt=\"\"><\/p>\n<div>\n<\/p>\n<\/p>\n<\/p>\n<p>Lunas Blick wird deutlich wacher und die Rippen kann man auch nicht mehr auf Anhieb z\u00e4hlen.<\/p>\n<p>Wir freuen uns!!!<\/p>\n<\/div>\n<p><!--more--><br \/>\n<!-- {\"type\":\"layout\",\"children\":[{\"type\":\"section\",\"props\":{\"image_position\":\"center-center\",\"style\":\"default\",\"title_breakpoint\":\"xl\",\"title_position\":\"top-left\",\"title_rotation\":\"left\",\"vertical_align\":\"middle\",\"width\":\"default\"},\"children\":[{\"type\":\"row\",\"children\":[{\"type\":\"column\",\"props\":{\"image_position\":\"center-center\",\"media_overlay_gradient\":\"\",\"position_sticky_breakpoint\":\"m\"},\"children\":[{\"type\":\"headline\",\"props\":{\"content\":\"Luna\",\"text_align\":\"center\",\"title_element\":\"h1\"}},{\"type\":\"divider\",\"props\":{\"divider_element\":\"hr\",\"divider_style\":\"icon\"}}]}]},{\"type\":\"row\",\"children\":[{\"type\":\"column\",\"props\":{\"image_position\":\"center-center\",\"media_overlay_gradient\":\"\",\"position_sticky_breakpoint\":\"m\",\"width_medium\":\"1-2\"},\"children\":[{\"type\":\"image\",\"props\":{\"image\":\"wp-content\\\/uploads\\\/2023\\\/05\\\/20230503_120223-scaled-e1683825327403.jpg\",\"image_height\":\"500\",\"image_svg_color\":\"emphasis\",\"margin\":\"default\"}},{\"type\":\"image\",\"props\":{\"image\":\"wp-content\\\/uploads\\\/2023\\\/05\\\/20230517_095253-scaled-e1684665017618.jpg\",\"image_svg_color\":\"emphasis\",\"margin\":\"default\"}},{\"type\":\"text\",\"props\":{\"column_breakpoint\":\"m\",\"content\":\"\n\n<p>Inzwischen ist sie oft auf der Weide und kommt immer mehr in Kontakt mit ihren Artgenossen, was sie sichtlich genie\\u00dft.<\\\/p>\",\"margin\":\"default\",\"position\":\"relative\"}},{\"type\":\"text\",\"props\":{\"column_breakpoint\":\"m\",\"content\":\"\n\n<p><\\\/p>\\n\n\n<p><\\\/p>\\n\n\n<p><\\\/p>\\n\n\n<p><\\\/p>\\n\n\n<p>Damit nicht in Vergessenheit ger\\u00e4t, wie Luna bei uns ankam:<\\\/p>\",\"margin\":\"default\"}},{\"type\":\"image\",\"props\":{\"image\":\"wp-content\\\/uploads\\\/2023\\\/05\\\/IMG-20230429-WA0011.jpg\",\"image_svg_color\":\"emphasis\",\"margin\":\"default\",\"maxwidth\":\"medium\"}}]},{\"type\":\"column\",\"props\":{\"image_position\":\"center-center\",\"media_overlay_gradient\":\"\",\"position_sticky_breakpoint\":\"m\",\"width_medium\":\"1-2\"},\"children\":[{\"type\":\"button\",\"props\":{\"grid_column_gap\":\"large\",\"grid_row_gap\":\"large\",\"margin\":\"xlarge\",\"position\":\"relative\",\"position_top\":\"60\",\"text_align\":\"center\"},\"children\":[{\"type\":\"button_item\",\"props\":{\"button_style\":\"default\",\"content\":\"zur\\u00fcck zur \\u00dcbersicht\",\"icon_align\":\"left\",\"link\":\"index.php\\\/bewohner\\\/pferde\\\/\"}}]},{\"type\":\"image\",\"props\":{\"image\":\"wp-content\\\/uploads\\\/2023\\\/05\\\/20230508_120232-scaled.jpg\",\"image_svg_color\":\"emphasis\",\"image_width\":\"500\",\"margin\":\"default\"}},{\"type\":\"text\",\"props\":{\"column_breakpoint\":\"m\",\"content\":\"\n\n<p><\\\/p>\\n\n\n<p><\\\/p>\\n\n\n<p><\\\/p>\\n\n\n<p><\\\/p>\\n\n\n<p><\\\/p>\\n\n\n<p><\\\/p>\\n\n\n<p><\\\/p>\\n\n\n<p>Lunas Blick wird deutlich wacher und die Rippen kann man auch nicht mehr auf Anhieb z\\u00e4hlen.<\\\/p>\\n\n\n<p>Wir freuen uns!!!<\\\/p>\",\"margin\":\"default\"}}]}],\"props\":{\"layout\":\"1-2,1-2\"}}]},{\"type\":\"section\",\"props\":{\"image_position\":\"center-center\",\"style\":\"default\",\"title_breakpoint\":\"xl\",\"title_position\":\"top-left\",\"title_rotation\":\"left\",\"vertical_align\":\"middle\",\"width\":\"default\"},\"children\":[{\"type\":\"row\",\"children\":[{\"type\":\"column\",\"props\":{\"image_position\":\"center-center\",\"media_overlay_gradient\":\"\",\"position_sticky_breakpoint\":\"m\"},\"children\":[]}]}]}],\"version\":\"3.0.14\"} --><\/p>\n","protected":false},"excerpt":{"rendered":"<p>Luna Inzwischen ist sie oft auf der Weide und kommt immer mehr in Kontakt mit ihren Artgenossen, was sie sichtlich genie\u00dft. Damit nicht in Vergessenheit ger\u00e4t, wie Luna bei uns ankam: zur\u00fcck zur \u00dcbersicht Lunas Blick wird deutlich wacher und die Rippen kann man auch nicht mehr auf Anhieb z\u00e4hlen. Wir freuen uns!!!<\/p>\n","protected":false},"author":2,"featured_media":0,"parent":529,"menu_order":1,"comment_status":"closed","ping_status":"closed","template":"","meta":{"footnotes":""},"_links":{"self":[{"href":"https:\/\/www.hofgut-braunenberg.de\/index.php\/wp-json\/wp\/v2\/pages\/1792"}],"collection":[{"href":"https:\/\/www.hofgut-braunenberg.de\/index.php\/wp-json\/wp\/v2\/pages"}],"about":[{"href":"https:\/\/www.hofgut-braunenberg.de\/index.php\/wp-json\/wp\/v2\/types\/page"}],"author":[{"embeddable":true,"href":"https:\/\/www.hofgut-braunenberg.de\/index.php\/wp-json\/wp\/v2\/users\/2"}],"replies":[{"embeddable":true,"href":"https:\/\/www.hofgut-braunenberg.de\/index.php\/wp-json\/wp\/v2\/comments?post=1792"}],"version-history":[{"count":7,"href":"https:\/\/www.hofgut-braunenberg.de\/index.php\/wp-json\/wp\/v2\/pages\/1792\/revisions"}],"predecessor-version":[{"id":1854,"href":"https:\/\/www.hofgut-braunenberg.de\/index.php\/wp-json\/wp\/v2\/pages\/1792\/revisions\/1854"}],"up":[{"embeddable":true,"href":"https:\/\/www.hofgut-braunenberg.de\/index.php\/wp-json\/wp\/v2\/pages\/529"}],"wp:attachment":[{"href":"https:\/\/www.hofgut-braunenberg.de\/index.php\/wp-json\/wp\/v2\/media?parent=1792"}],"curies":[{"name":"wp","href":"https:\/\/api.w.org\/{rel}","templated":true}]}}