{"id":148,"date":"2020-11-26T12:40:02","date_gmt":"2020-11-26T12:40:02","guid":{"rendered":"https:\/\/hofgut-brauenberg.com\/?page_id=148"},"modified":"2025-12-12T11:38:10","modified_gmt":"2025-12-12T10:38:10","slug":"patenschaften","status":"publish","type":"page","link":"https:\/\/www.hofgut-braunenberg.de\/index.php\/bewohner\/patenschaften\/","title":{"rendered":"Patenschaften"},"content":{"rendered":"<h1>\n<p style=\"text-align: center;\">Patenschaft \u00fcbernehmen<\/p>\n<p style=\"text-align: center;\">Freude schenken<\/p>\n<\/h1>\n<p><img decoding=\"async\" src=\"\/wp-content\/uploads\/2020\/12\/Paten-Urkunde.jpg\" alt=\"\"><\/p>\n<div>\n<h2> Liebe Besucher und Tierfreunde, <\/h2>\n<p>Tierpatenschaften<\/p>\n<div>\n<p>die bestm\u00f6gliche Versorgung unserer Sch\u00fctzlinge bringt so einige Kosten mit sich. Daher freuen wir uns stets \u00fcber Ihre Spenden. Gerne k\u00f6nnen Sie auch eine Voll- oder Teilpatenschaft f\u00fcr die einzelnen Tiere \u00fcbernehmen. An den Stallboxen finden Sie Fotos und kleine Geschichten zu unseren Schutzbefohlenen. Vielleicht entsteht ja bald eine innige Freundschaft?<\/p>\n<p><span role=\"presentation\" dir=\"ltr\">Wir freuen uns \u00fcber jede Unterst\u00fctzung! <\/span><\/p>\n<p><span role=\"presentation\" dir=\"ltr\">Bereits ab 5 Euro monatlich kann eine <\/span><br role=\"presentation\" \/><span role=\"presentation\" dir=\"ltr\">Teil-Patenschaft abgeschlossen werden.<\/span><br role=\"presentation\" \/><span role=\"presentation\" dir=\"ltr\"><\/span><\/p>\n<p><span role=\"presentation\" dir=\"ltr\">Voll-Patenschaften sind pro Monat:<\/span><\/p>\n<ul>\n<li><span role=\"presentation\" dir=\"ltr\">Pferd: 350 \u20ac<\/span><\/li>\n<li><span role=\"presentation\" dir=\"ltr\">Esel: 200 \u20ac<\/span><\/li>\n<li><span role=\"presentation\" dir=\"ltr\">Pony: 150 \u20ac<\/span><\/li>\n<li><span role=\"presentation\" dir=\"ltr\">Ziege: 100 \u20ac<\/span><\/li>\n<li><span role=\"presentation\" dir=\"ltr\">Katze: 50 \u20ac<\/span><\/li>\n<li><span role=\"presentation\" dir=\"ltr\">Ente: 30 \u20ac<\/span><\/li>\n<\/ul>\n<p>Bei Interesse und f\u00fcr weitere Infos wenden Sie sich einfach an unsere Mitarbeiter.<\/p>\n<\/div>\n<\/div>\n<p>\n    <a href=\"mailto:hofgut-braunenberg@web.de\">Schreiben Sie uns<\/a>\n<\/p>\n<div>\n<p>oder rufen Sie uns an: +49 7771 875970<\/p>\n<\/p>\n<\/div>\n<h1>Patenschaften verschenken<\/h1>\n<div>\n<p>Patenschaft verschenken- Freude f\u00fcr Drei<\/p>\n<p>Die andere Art eines Geschenks. Sie schenken ihren Liebsten die Patenschaft eines unserer Tiere und haben etwas Gutes getan. Das Geld der Patenschaften kommt direkt den Tieren zugute.<img decoding=\"async\" loading=\"lazy\" src=\"https:\/\/www.hofgut-braunenberg.de\/wp-content\/uploads\/2025\/12\/Rjana_11_2024-2-225x300.jpeg\" alt=\"\" width=\"225\" height=\"300\" class=\"size-medium wp-image-2337 alignright\" srcset=\"https:\/\/www.hofgut-braunenberg.de\/wp-content\/uploads\/2025\/12\/Rjana_11_2024-2-225x300.jpeg 225w, https:\/\/www.hofgut-braunenberg.de\/wp-content\/uploads\/2025\/12\/Rjana_11_2024-2-768x1024.jpeg 768w, https:\/\/www.hofgut-braunenberg.de\/wp-content\/uploads\/2025\/12\/Rjana_11_2024-2-1152x1536.jpeg 1152w, https:\/\/www.hofgut-braunenberg.de\/wp-content\/uploads\/2025\/12\/Rjana_11_2024-2-1536x2048.jpeg 1536w, https:\/\/www.hofgut-braunenberg.de\/wp-content\/uploads\/2025\/12\/Rjana_11_2024-2-scaled.jpeg 1920w\" sizes=\"(max-width: 225px) 100vw, 225px\" \/><\/p>\n<\/div>\n<div>\n<\/p>\n<p>Wir, das Team vom Hofgut Braunenberg und nat\u00fcrlich auch unsere Tiere danken Ihnen schon im Voraus!<\/p>\n<\/div>\n<p><!--more--><br \/>\n<!-- {\"name\":\"Gear\",\"type\":\"layout\",\"children\":[{\"name\":\"Hero\",\"type\":\"section\",\"props\":{\"height\":\"full\",\"image\":\"wp-content\\\/uploads\\\/2021\\\/01\\\/DSC01017.jpg\",\"image_effect\":\"fixed\",\"image_parallax_bgy\":\"0,-100\",\"image_parallax_breakpoint\":\"m\",\"image_position\":\"center-center\",\"image_size\":\"cover\",\"image_width\":\"2560\",\"media_overlay_gradient\":\"linear-gradient(rgba(255,255,255,0) 95%, rgba(255,255,255,1) 100%)\",\"padding\":\"small\",\"style\":\"default\",\"text_color\":\"light\",\"title_breakpoint\":\"xl\",\"title_position\":\"top-left\",\"title_rotation\":\"left\",\"vertical_align\":\"middle\",\"width\":\"\"},\"children\":[{\"name\":\"\",\"type\":\"row\",\"children\":[{\"name\":\"\",\"type\":\"column\",\"props\":{\"image_position\":\"center-center\",\"media_overlay_gradient\":\"\",\"position_sticky_breakpoint\":\"m\",\"vertical_align\":\"middle\",\"width_medium\":\"1-1\"},\"children\":[{\"name\":\"\",\"type\":\"headline\",\"props\":{\"animation\":\"parallax\",\"content\":\"\n\n<p style=\\\"text-align: center;\\\">Patenschaft \\u00fcbernehmen<\\\/p>\\n\n\n<p style=\\\"text-align: center;\\\">Freude schenken<\\\/p>\",\"parallax_easing\":\"1\",\"parallax_y\":\"100,50\",\"text_align\":\"center\",\"text_align_breakpoint\":\"xl\",\"title_element\":\"h1\",\"title_style\":\"heading-small\"}}]}]}]},{\"name\":\"Patenschaften\",\"type\":\"section\",\"props\":{\"image_position\":\"center-center\",\"padding\":\"xlarge\",\"padding_remove_bottom\":true,\"style\":\"default\",\"title\":\"\",\"title_breakpoint\":\"l\",\"title_position\":\"center-left\",\"title_rotation\":\"left\",\"vertical_align\":\"middle\",\"width\":\"xlarge\"},\"children\":[{\"name\":\"\",\"type\":\"row\",\"props\":{\"column_gap\":\"large\",\"layout\":\"large,expand\",\"margin\":\"xlarge\",\"row_gap\":\"large\"},\"children\":[{\"name\":\"\",\"type\":\"column\",\"props\":{\"image_position\":\"center-center\",\"media_overlay_gradient\":\"\",\"position_sticky_breakpoint\":\"m\",\"width_medium\":\"large\"},\"children\":[{\"name\":\"\",\"type\":\"image\",\"props\":{\"animation\":\"parallax\",\"image\":\"wp-content\\\/uploads\\\/2020\\\/12\\\/Paten-Urkunde.jpg\",\"image_svg_color\":\"emphasis\",\"image_width\":\"530\",\"margin\":\"default\",\"parallax_breakpoint\":\"m\",\"parallax_easing\":\"1\",\"parallax_x\":\"50,0\",\"parallax_y\":\"50,-50\"}}]},{\"name\":\"\",\"type\":\"column\",\"props\":{\"image_position\":\"center-center\",\"media_overlay_gradient\":\"\",\"order_first\":\"m\",\"position_sticky_breakpoint\":\"m\",\"vertical_align\":\"middle\",\"width_medium\":\"expand\"},\"children\":[{\"name\":\"\",\"type\":\"panel\",\"props\":{\"animation\":\"parallax\",\"block_align\":\"center\",\"content\":\"\n\n<p>die bestm\\u00f6gliche Versorgung unserer Sch\\u00fctzlinge bringt so einige Kosten mit sich. Daher freuen wir uns stets \\u00fcber Ihre Spenden. Gerne k\\u00f6nnen Sie auch eine Voll- oder Teilpatenschaft f\\u00fcr die einzelnen Tiere \\u00fcbernehmen. An den Stallboxen finden Sie Fotos und kleine Geschichten zu unseren Schutzbefohlenen. Vielleicht entsteht ja bald eine innige Freundschaft?<\\\/p>\\n\n\n<p><span role=\\\"presentation\\\" dir=\\\"ltr\\\">Wir freuen uns \\u00fcber jede Unterst\\u00fctzung! <\\\/span><\\\/p>\\n\n\n<p><span role=\\\"presentation\\\" dir=\\\"ltr\\\">Bereits ab 5 Euro monatlich kann eine <\\\/span><br role=\\\"presentation\\\" \\\/><span role=\\\"presentation\\\" dir=\\\"ltr\\\">Teil-Patenschaft abgeschlossen werden.<\\\/span><br role=\\\"presentation\\\" \\\/><span role=\\\"presentation\\\" dir=\\\"ltr\\\"><\\\/span><\\\/p>\\n\n\n<p><span role=\\\"presentation\\\" dir=\\\"ltr\\\">Voll-Patenschaften sind pro Monat:<\\\/span><\\\/p>\\n\n\n<ul>\\n\n\n<li><span role=\\\"presentation\\\" dir=\\\"ltr\\\">Pferd: 350 \\u20ac<\\\/span><\\\/li>\\n\n\n<li><span role=\\\"presentation\\\" dir=\\\"ltr\\\">Esel: 200 \\u20ac<\\\/span><\\\/li>\\n\n\n<li><span role=\\\"presentation\\\" dir=\\\"ltr\\\">Pony: 150 \\u20ac<\\\/span><\\\/li>\\n\n\n<li><span role=\\\"presentation\\\" dir=\\\"ltr\\\">Ziege: 100 \\u20ac<\\\/span><\\\/li>\\n\n\n<li><span role=\\\"presentation\\\" dir=\\\"ltr\\\">Katze: 50 \\u20ac<\\\/span><\\\/li>\\n\n\n<li><span role=\\\"presentation\\\" dir=\\\"ltr\\\">Ente: 30 \\u20ac<\\\/span><\\\/li>\\n<\\\/ul>\\n\n\n<p><\\\/p>\\n\n\n<p>Bei Interesse und f\\u00fcr weitere Infos wenden Sie sich einfach an unsere Mitarbeiter.<\\\/p>\",\"content_column_breakpoint\":\"m\",\"icon_width\":80,\"image_align\":\"top\",\"image_grid_breakpoint\":\"m\",\"image_grid_width\":\"1-2\",\"image_svg_color\":\"emphasis\",\"link_style\":\"default\",\"link_text\":\"Read more\",\"margin\":\"medium\",\"maxwidth\":\"large\",\"maxwidth_breakpoint\":\"m\",\"meta\":\"Tierpatenschaften\",\"meta_align\":\"above-title\",\"meta_color\":\"primary\",\"meta_element\":\"div\",\"meta_style\":\"h4\",\"parallax_breakpoint\":\"m\",\"parallax_easing\":\"1\",\"parallax_y\":\"50,-50\",\"title\":\" Liebe Besucher und Tierfreunde, \",\"title_align\":\"top\",\"title_element\":\"h2\",\"title_grid_breakpoint\":\"m\",\"title_grid_width\":\"1-2\",\"title_hover_style\":\"reset\",\"title_style\":\"h1\"}},{\"type\":\"button\",\"props\":{\"block_align\":\"center\",\"grid_column_gap\":\"small\",\"grid_row_gap\":\"small\",\"margin\":\"default\",\"maxwidth\":\"large\",\"maxwidth_breakpoint\":\"m\"},\"children\":[{\"type\":\"button_item\",\"props\":{\"button_style\":\"default\",\"content\":\"Schreiben Sie uns\",\"icon_align\":\"left\",\"link\":\"mailto:hofgut-braunenberg@web.de\",\"link_target\":\"blank\"}}]},{\"type\":\"text\",\"props\":{\"block_align\":\"center\",\"column_breakpoint\":\"m\",\"content\":\"\n\n<p><\\\/p>\\n\n\n<p>oder rufen Sie uns an: +49 7771 875970<\\\/p>\\n\n\n<p><\\\/p>\",\"margin\":\"default\",\"maxwidth\":\"large\",\"maxwidth_breakpoint\":\"m\"}},{\"type\":\"headline\",\"props\":{\"content\":\"Patenschaften verschenken\",\"title_element\":\"h1\"}},{\"type\":\"text\",\"props\":{\"column_breakpoint\":\"m\",\"content\":\"\n\n<p>Patenschaft verschenken- Freude f\\u00fcr Drei<\\\/p>\\n\n\n<p>Die andere Art eines Geschenks. Sie schenken ihren Liebsten die Patenschaft eines unserer Tiere und haben etwas Gutes getan. Das Geld der Patenschaften kommt direkt den Tieren zugute.<img src=\\\"https:\\\/\\\/www.hofgut-braunenberg.de\\\/wp-content\\\/uploads\\\/2025\\\/12\\\/Rjana_11_2024-2-225x300.jpeg\\\" alt=\\\"\\\" width=\\\"225\\\" height=\\\"300\\\" class=\\\"size-medium wp-image-2337 alignright\\\" \\\/><\\\/p>\",\"margin\":\"default\"}},{\"type\":\"text\",\"props\":{\"block_align\":\"center\",\"column_breakpoint\":\"m\",\"content\":\"\n\n<p><\\\/p>\\n\n\n<p><\\\/p>\\n\n\n<p>Wir, das Team vom Hofgut Braunenberg und nat\\u00fcrlich auch unsere Tiere danken Ihnen schon im Voraus!<\\\/p>\",\"margin\":\"default\",\"maxwidth\":\"large\",\"maxwidth_breakpoint\":\"m\",\"text_color\":\"primary\"}}]}]}]},{\"type\":\"section\",\"props\":{\"image_position\":\"center-center\",\"style\":\"default\",\"title_breakpoint\":\"xl\",\"title_position\":\"top-left\",\"title_rotation\":\"left\",\"vertical_align\":\"middle\",\"width\":\"default\"},\"children\":[{\"type\":\"row\",\"children\":[{\"type\":\"column\",\"props\":{\"image_position\":\"center-center\",\"media_overlay_gradient\":\"\",\"position_sticky_breakpoint\":\"m\"},\"children\":[]}]}]}],\"version\":\"3.0.14\"} --><\/p>\n","protected":false},"excerpt":{"rendered":"<p>Patenschaft \u00fcbernehmen Freude schenken Liebe Besucher und Tierfreunde, Tierpatenschaften die bestm\u00f6gliche Versorgung unserer Sch\u00fctzlinge bringt so einige Kosten mit sich. Daher freuen wir uns stets \u00fcber Ihre Spenden. Gerne k\u00f6nnen Sie auch eine Voll- oder Teilpatenschaft f\u00fcr die einzelnen Tiere \u00fcbernehmen. An den Stallboxen finden Sie Fotos und kleine Geschichten zu unseren Schutzbefohlenen. Vielleicht entsteht [&hellip;]<\/p>\n","protected":false},"author":2,"featured_media":0,"parent":120,"menu_order":9,"comment_status":"closed","ping_status":"closed","template":"","meta":{"footnotes":""},"_links":{"self":[{"href":"https:\/\/www.hofgut-braunenberg.de\/index.php\/wp-json\/wp\/v2\/pages\/148"}],"collection":[{"href":"https:\/\/www.hofgut-braunenberg.de\/index.php\/wp-json\/wp\/v2\/pages"}],"about":[{"href":"https:\/\/www.hofgut-braunenberg.de\/index.php\/wp-json\/wp\/v2\/types\/page"}],"author":[{"embeddable":true,"href":"https:\/\/www.hofgut-braunenberg.de\/index.php\/wp-json\/wp\/v2\/users\/2"}],"replies":[{"embeddable":true,"href":"https:\/\/www.hofgut-braunenberg.de\/index.php\/wp-json\/wp\/v2\/comments?post=148"}],"version-history":[{"count":31,"href":"https:\/\/www.hofgut-braunenberg.de\/index.php\/wp-json\/wp\/v2\/pages\/148\/revisions"}],"predecessor-version":[{"id":2338,"href":"https:\/\/www.hofgut-braunenberg.de\/index.php\/wp-json\/wp\/v2\/pages\/148\/revisions\/2338"}],"up":[{"embeddable":true,"href":"https:\/\/www.hofgut-braunenberg.de\/index.php\/wp-json\/wp\/v2\/pages\/120"}],"wp:attachment":[{"href":"https:\/\/www.hofgut-braunenberg.de\/index.php\/wp-json\/wp\/v2\/media?parent=148"}],"curies":[{"name":"wp","href":"https:\/\/api.w.org\/{rel}","templated":true}]}}