{"id":120,"date":"2020-11-26T12:02:39","date_gmt":"2020-11-26T12:02:39","guid":{"rendered":"https:\/\/hofgut-brauenberg.com\/?page_id=120"},"modified":"2026-04-14T10:04:01","modified_gmt":"2026-04-14T08:04:01","slug":"bewohner","status":"publish","type":"page","link":"https:\/\/www.hofgut-braunenberg.de\/index.php\/bewohner\/","title":{"rendered":"Bewohner"},"content":{"rendered":"<h1>\n<p style=\"text-align: center;\">Unsere Bewohner<\/p>\n<\/h1>\n<hr>\n<div>\n<p>        <img decoding=\"async\" src=\"\/wp-content\/uploads\/2020\/12\/HofgutBraunenberg_TierheimatFrederic-Stockach_0005_s.jpg\" alt=\"\"><\/p>\n<h2>Unsere Esel<\/h2>\n<div>\u201eEsel\u201c als Schimpfwort f\u00fcr Menschen genutzt, ist in Wirklichkeit ein Kompliment: Esel sind kluge und gutm\u00fctige Wesen. Sie sind nicht Stur, sondern vorsichtig und w\u00e4gen Situationen genau ab. Esel z\u00e4hlen zu den \u00e4ltesten Haustieren des Menschen. Einst lebten Esel als Wildtiere in der afrikanischen Steppe Afrikas. Dieser Ursprung hat auch heute noch die besondere Gen\u00fcgsamkeit von Eseln gepr\u00e4gt. Auf dem Hofgut Braunenberg leben unsere Esel &#8211; oft nach vielen Jahren unter schlimmsten Lebensumst\u00e4nden &#8211; in fr\u00f6hlicher Freiheit.<\/div>\n<p><a href=\"\/index.php\/bewohner\/esel\/\"><\/a><\/p>\n<\/div>\n<div>\n<p>        <img decoding=\"async\" src=\"\/wp-content\/uploads\/2020\/12\/HofgutBraunenberg_TierheimatFrederic-Stockach_0013_s.jpg\" alt=\"\"><\/p>\n<h2>Unsere Ziegen<\/h2>\n<div>Ziegen und Menschen verbindet eine lange gemeinsame Geschichte, denn sie z\u00e4hlen zu den der \u00e4ltesten Haustieren &#8211; schon vor \u00fcber 9000 Jahren z\u00e4hmte der Mensch die Ziege. Ziegen sind gesellige Herdentiere, oft mit unterhaltsamen und vorwitzigen Charaktereigenschaften, die sich rein pflanzlich ern\u00e4hren. Auf dem Hofgut Braunenberg ist ihre \u201eTafel\u201c mit Gr\u00e4sern, Kr\u00e4utern, Bl\u00e4ttern und  B\u00fcschen stets reich gedeckt.<\/div>\n<p><a href=\"\/index.php\/bewohner\/ziegen\/\"><\/a><\/p>\n<\/div>\n<div>\n<p>        <img decoding=\"async\" src=\"\/wp-content\/uploads\/2021\/01\/DSC_7792-e1611151119348.jpg\" alt=\"\"><\/p>\n<h2>Unsere Ponys<\/h2>\n<div>Ponys sind mehr als nur kleine Pferde. Sie sind gutm\u00fctig, robust und gen\u00fcgsam. Sie sind als Rasse unter Anpassung an harte Lebensbedingungen entstanden und haben viele Jahrhunderte unter ebensolchen Bedingungen f\u00fcr Menschen gearbeitet. Kinder lieben Ponys aufgrund ihres freundlichen und zug\u00e4nglichen Wesens und nat\u00fcrlich ihrer Gr\u00f6\u00dfe. Auf dem Hofgut Braunenberg leben die Ponys in einer kleinen Herde und genie\u00dfen ein unbeschwertes Leben unter den besten Bedingungen.<\/div>\n<p><a href=\"\/index.php\/bewohner\/ponys\/\"><\/a><\/p>\n<\/div>\n<div>\n<p>        <img decoding=\"async\" src=\"\/wp-content\/uploads\/2020\/12\/HofgutBraunenberg_TierheimatFrederic-Stockach_0008_s.jpg\" alt=\"\"><\/p>\n<h2>Unsere Pferde<\/h2>\n<div>Pferde z\u00e4hlen als Reit- und Fahrtiere zu den \u00e4ltesten \u201eMobilit\u00e4tspartnern\u201c des Menschen. Auf einem Pferd konnten Menschen weitere Strecken zur\u00fccklegen und neue Gebiete erschlie\u00dfen. Die gr\u00f6\u00dfere Bewegungsfreiheit war ein Motor der Zivilisation. Heute ist das Pferd weniger Arbeitstier, sondern Freizeit- und Erholungspartner des Menschen. Auf den gro\u00dfen Koppeln des Hofguts Braunenberg genie\u00dfen unsere Pferde ein artgerechtes Leben in Freiheit.<\/div>\n<p><a href=\"\/index.php\/bewohner\/pferde\/\"><\/a><\/p>\n<\/div>\n<div>\n<div>\n<p><strong>\u00a0 <img decoding=\"async\" loading=\"lazy\" src=\"https:\/\/www.hofgut-braunenberg.de\/wp-content\/uploads\/2024\/07\/Ziegenstall-fertig-3-169x300.jpg\" alt=\"\" width=\"169\" height=\"300\" class=\"alignnone size-medium wp-image-2156\" srcset=\"https:\/\/www.hofgut-braunenberg.de\/wp-content\/uploads\/2024\/07\/Ziegenstall-fertig-3-169x300.jpg 169w, https:\/\/www.hofgut-braunenberg.de\/wp-content\/uploads\/2024\/07\/Ziegenstall-fertig-3-577x1024.jpg 577w, https:\/\/www.hofgut-braunenberg.de\/wp-content\/uploads\/2024\/07\/Ziegenstall-fertig-3-768x1364.jpg 768w, https:\/\/www.hofgut-braunenberg.de\/wp-content\/uploads\/2024\/07\/Ziegenstall-fertig-3-865x1536.jpg 865w, https:\/\/www.hofgut-braunenberg.de\/wp-content\/uploads\/2024\/07\/Ziegenstall-fertig-3.jpg 901w\" sizes=\"(max-width: 169px) 100vw, 169px\" \/>\u00a0<\/strong><\/p>\n<h3>Unsere Schafe<\/h3>\n<p>Seit gut zwei Jahren erg\u00e4nzen vier liebenswerte Schafe unseren Equidenhof. Zusammen mit Esel Ypsilon fanden sie nach einer Beschlagnahmung und etlichen Irrwegen bzw. diversen unpassenden Platzierungen auf dem Hofgut Braunenberg ihr endg\u00fcltiges Zuhause.<\/p>\n<p>Schafbock Shaun und seine Gef\u00e4hrtinnen Holly, Berta und Flocke sind rund zw\u00f6lfj\u00e4hrig, wobei eines der weiblichen Tiere mit ca. neun Jahren etwas j\u00fcnger ist und einer vom Aussterben bedrohten Bergschafrasse angeh\u00f6rt.<\/p>\n<p>Das Quartett hat sein fr\u00fcheres Leben gern hinter sich gelassen und bewohnt mit den Ziegen den vor kurzem neu erstellten Stall &#8211; eine WG, die von Anfang an bestens funktionierte.<\/p>\n<p>Sowohl f\u00fcr die Ziegen als auch den gesamten Hof sind die friedvollen Schafe eine wertvolle Bereicherung.<\/p>\n<\/div>\n<p><a href=\"\/index.php\/bewohner\/schafe\/\">Read more<\/a><\/p>\n<\/div>\n<ul>\n<li>\n<p>        <img decoding=\"async\" src=\"\/wp-content\/uploads\/2025\/07\/Laufenten-scaled.jpg\" alt=\"\"><\/p>\n<h2>Unsere Laufenten<\/h2>\n<div>\n<p>Unsere beiden G\u00e4nse, Heinrich und Daunenfein, sind nach vielen Jahren bei uns am Hof in hohem Alter von uns gegangen.<\/p>\n<p>In der Zwischenzeit haben nun vier Laufenten bei uns ein neues Zuhause gefunden.<\/p>\n<\/div>\n<p><a href=\"\/index.php\/bewohner\/gaense\/\"><\/a><\/p>\n<\/li>\n<li>\n<p>        <img decoding=\"async\" src=\"\/wp-content\/uploads\/2021\/02\/Katze-Mia_auf-dem-Hofgut-Braunenberg_01.jpg\" alt=\"\"><\/p>\n<h2>Unsere Katzen<\/h2>\n<div>Auch die Partnerschaft von Katze und Mensch kann in Jahrtausenden gemessen werden. Ihre wechselvolle Geschichte reicht von g\u00f6ttlicher Verehrung bis zur Hexenverfolgung Heute ist die Katze das beliebteste Haustier der Deutschen an die zw\u00f6lf Millionen Tier leben hier. Viele davon allerdings unter wenig erfreulichen Bedingungen. Auf dem Hofgut Brauneneberg sind unsere Katzen keine \u201eStubentiger\u201c den die ganze Truppe ist st\u00e4ndig auf dem Hof und dem ganzen Gel\u00e4nde unterwegs und halten die M\u00e4usepopulation in schach.<\/div>\n<p><a href=\"\/index.php\/bewohner\/hunde-duplicate-1\/\"><\/a><\/p>\n<\/li>\n<\/ul>\n<div>\n<h3>Erleben Sie unsere Bewohner auf unseren Social-Media-Kan\u00e4len:<\/h3>\n<\/div>\n<p><a href=\"https:\/\/www.instagram.com\/tierheimat_frederic\/\">[instagram]<\/a><br \/>\n<a href=\"https:\/\/www.facebook.com\/HofgutBraunenberg\">[facebook]<\/a><\/p>\n<p><!--more--><br \/>\n<!-- {\"name\":\"Post Index\",\"type\":\"layout\",\"children\":[{\"type\":\"section\",\"props\":{\"image\":\"wp-content\\\/uploads\\\/2023\\\/01\\\/DSC01228-scaled-e1675071792240.jpg\",\"image_position\":\"center-center\",\"image_size\":\"cover\",\"image_width\":\"2560\",\"media_overlay\":\"rgba(255, 255, 255, 0.8)\",\"overlap\":false,\"padding\":\"large\",\"padding_remove_top\":false,\"style\":\"default\",\"title_breakpoint\":\"xl\",\"title_position\":\"top-left\",\"title_rotation\":\"left\",\"vertical_align\":\"middle\",\"width\":\"large\"},\"children\":[{\"type\":\"row\",\"children\":[{\"type\":\"column\",\"props\":{\"image_position\":\"center-center\",\"media_overlay_gradient\":\"\",\"position_sticky_breakpoint\":\"m\",\"width_medium\":\"1-1\"},\"children\":[{\"type\":\"headline\",\"props\":{\"animation\":\"none\",\"content\":\"\n\n<p style=\\\"text-align: center;\\\">Unsere Bewohner<\\\/p>\",\"margin\":\"remove-vertical\",\"text_align\":\"center\",\"title_element\":\"h1\"}},{\"type\":\"divider\",\"props\":{\"divider_element\":\"hr\",\"divider_style\":\"icon\"}}]}]}],\"name\":\"Hero\"},{\"type\":\"section\",\"props\":{\"image_position\":\"center-center\",\"padding\":\"large\",\"style\":\"default\",\"title_breakpoint\":\"xl\",\"title_position\":\"top-left\",\"title_rotation\":\"left\",\"vertical_align\":\"middle\",\"width\":\"xlarge\"},\"children\":[{\"type\":\"row\",\"props\":{\"layout\":\"2-3,1-3\",\"match\":true},\"children\":[{\"type\":\"column\",\"props\":{\"image_position\":\"center-center\",\"media_overlay_gradient\":\"\",\"position_sticky_breakpoint\":\"m\",\"width_medium\":\"2-3\"},\"children\":[{\"name\":\"\",\"type\":\"panel\",\"props\":{\"content\":\"\\u201eEsel\\u201c als Schimpfwort f\\u00fcr Menschen genutzt, ist in Wirklichkeit ein Kompliment: Esel sind kluge und gutm\\u00fctige Wesen. Sie sind nicht Stur, sondern vorsichtig und w\\u00e4gen Situationen genau ab. Esel z\\u00e4hlen zu den \\u00e4ltesten Haustieren des Menschen. Einst lebten Esel als Wildtiere in der afrikanischen Steppe Afrikas. Dieser Ursprung hat auch heute noch die besondere Gen\\u00fcgsamkeit von Eseln gepr\\u00e4gt. Auf dem Hofgut Braunenberg leben unsere Esel - oft nach vielen Jahren unter schlimmsten Lebensumst\\u00e4nden - in fr\\u00f6hlicher Freiheit.\",\"content_column_breakpoint\":\"m\",\"icon_width\":80,\"image\":\"wp-content\\\/uploads\\\/2020\\\/12\\\/HofgutBraunenberg_TierheimatFrederic-Stockach_0005_s.jpg\",\"image_align\":\"left\",\"image_alt\":\"\",\"image_grid_breakpoint\":\"m\",\"image_grid_width\":\"1-2\",\"image_svg_color\":\"emphasis\",\"image_vertical_align\":false,\"image_width\":\"920\",\"link\":\"index.php\\\/bewohner\\\/esel\\\/\",\"link_style\":\"default\",\"link_text\":\"\",\"margin\":\"default\",\"meta\":\"\",\"meta_align\":\"below-title\",\"meta_element\":\"div\",\"meta_margin\":\"small\",\"meta_style\":\"text-meta\",\"panel_image_no_padding\":true,\"panel_link\":true,\"panel_padding\":\"large\",\"panel_style\":\"card-default\",\"text_align\":\"left\",\"text_align_breakpoint\":\"s\",\"text_align_fallback\":\"center\",\"title\":\"Unsere Esel\",\"title_align\":\"top\",\"title_element\":\"h2\",\"title_grid_breakpoint\":\"m\",\"title_grid_width\":\"1-2\",\"title_hover_style\":\"reset\"}}]},{\"type\":\"column\",\"props\":{\"image_position\":\"center-center\",\"media_overlay_gradient\":\"\",\"position_sticky_breakpoint\":\"m\",\"width_medium\":\"1-3\"},\"children\":[{\"name\":\"\",\"type\":\"panel\",\"props\":{\"content\":\"Ziegen und Menschen verbindet eine lange gemeinsame Geschichte, denn sie z\\u00e4hlen zu den der \\u00e4ltesten Haustieren - schon vor \\u00fcber 9000 Jahren z\\u00e4hmte der Mensch die Ziege. Ziegen sind gesellige Herdentiere, oft mit unterhaltsamen und vorwitzigen Charaktereigenschaften, die sich rein pflanzlich ern\\u00e4hren. Auf dem Hofgut Braunenberg ist ihre \\u201eTafel\\u201c mit Gr\\u00e4sern, Kr\\u00e4utern, Bl\\u00e4ttern und  B\\u00fcschen stets reich gedeckt.\",\"content_column_breakpoint\":\"m\",\"icon_width\":80,\"image\":\"wp-content\\\/uploads\\\/2020\\\/12\\\/HofgutBraunenberg_TierheimatFrederic-Stockach_0013_s.jpg\",\"image_align\":\"top\",\"image_alt\":\"\",\"image_grid_breakpoint\":\"m\",\"image_grid_width\":\"1-2\",\"image_svg_color\":\"emphasis\",\"image_width\":\"920\",\"link\":\"index.php\\\/bewohner\\\/ziegen\\\/\",\"link_style\":\"default\",\"link_text\":\"\",\"margin\":\"default\",\"meta\":\"\",\"meta_align\":\"below-title\",\"meta_element\":\"div\",\"meta_margin\":\"small\",\"meta_style\":\"text-meta\",\"panel_image_no_padding\":true,\"panel_link\":true,\"panel_padding\":\"default\",\"panel_style\":\"card-default\",\"text_align\":\"left\",\"text_align_breakpoint\":\"s\",\"text_align_fallback\":\"center\",\"title\":\"Unsere Ziegen\",\"title_align\":\"top\",\"title_element\":\"h2\",\"title_grid_breakpoint\":\"m\",\"title_grid_width\":\"1-2\",\"title_hover_style\":\"reset\"}}]}]},{\"type\":\"row\",\"props\":{\"layout\":\"1-3,2-3\",\"match\":true},\"children\":[{\"type\":\"column\",\"props\":{\"image_position\":\"center-center\",\"media_overlay_gradient\":\"\",\"position_sticky_breakpoint\":\"m\",\"width_medium\":\"1-3\"},\"children\":[{\"name\":\"\",\"type\":\"panel\",\"props\":{\"content\":\"Ponys sind mehr als nur kleine Pferde. Sie sind gutm\\u00fctig, robust und gen\\u00fcgsam. Sie sind als Rasse unter Anpassung an harte Lebensbedingungen entstanden und haben viele Jahrhunderte unter ebensolchen Bedingungen f\\u00fcr Menschen gearbeitet. Kinder lieben Ponys aufgrund ihres freundlichen und zug\\u00e4nglichen Wesens und nat\\u00fcrlich ihrer Gr\\u00f6\\u00dfe. Auf dem Hofgut Braunenberg leben die Ponys in einer kleinen Herde und genie\\u00dfen ein unbeschwertes Leben unter den besten Bedingungen.\",\"content_column_breakpoint\":\"m\",\"icon_width\":80,\"image\":\"wp-content\\\/uploads\\\/2021\\\/01\\\/DSC_7792-e1611151119348.jpg\",\"image_align\":\"top\",\"image_alt\":\"\",\"image_grid_breakpoint\":\"m\",\"image_grid_width\":\"1-2\",\"image_svg_color\":\"emphasis\",\"image_width\":\"920\",\"link\":\"index.php\\\/bewohner\\\/ponys\\\/\",\"link_style\":\"default\",\"link_text\":\"\",\"margin\":\"default\",\"meta\":\"\",\"meta_align\":\"below-title\",\"meta_element\":\"div\",\"meta_margin\":\"small\",\"meta_style\":\"text-meta\",\"panel_image_no_padding\":true,\"panel_link\":true,\"panel_padding\":\"default\",\"panel_style\":\"card-default\",\"text_align\":\"left\",\"text_align_breakpoint\":\"s\",\"text_align_fallback\":\"center\",\"title\":\"Unsere Ponys\",\"title_align\":\"top\",\"title_element\":\"h2\",\"title_grid_breakpoint\":\"m\",\"title_grid_width\":\"1-2\",\"title_hover_style\":\"reset\"}}]},{\"type\":\"column\",\"props\":{\"image_position\":\"center-center\",\"media_overlay_gradient\":\"\",\"position_sticky_breakpoint\":\"m\",\"width_medium\":\"2-3\"},\"children\":[{\"name\":\"\",\"type\":\"panel\",\"props\":{\"content\":\"Pferde z\\u00e4hlen als Reit- und Fahrtiere zu den \\u00e4ltesten \\u201eMobilit\\u00e4tspartnern\\u201c des Menschen. Auf einem Pferd konnten Menschen weitere Strecken zur\\u00fccklegen und neue Gebiete erschlie\\u00dfen. Die gr\\u00f6\\u00dfere Bewegungsfreiheit war ein Motor der Zivilisation. Heute ist das Pferd weniger Arbeitstier, sondern Freizeit- und Erholungspartner des Menschen. Auf den gro\\u00dfen Koppeln des Hofguts Braunenberg genie\\u00dfen unsere Pferde ein artgerechtes Leben in Freiheit.\",\"content_column_breakpoint\":\"m\",\"icon_width\":80,\"image\":\"wp-content\\\/uploads\\\/2020\\\/12\\\/HofgutBraunenberg_TierheimatFrederic-Stockach_0008_s.jpg\",\"image_align\":\"left\",\"image_alt\":\"\",\"image_grid_breakpoint\":\"m\",\"image_grid_width\":\"1-2\",\"image_svg_color\":\"emphasis\",\"image_vertical_align\":false,\"image_width\":\"920\",\"link\":\"index.php\\\/bewohner\\\/pferde\\\/\",\"link_style\":\"default\",\"link_text\":\"\",\"margin\":\"default\",\"meta\":\"\",\"meta_align\":\"below-title\",\"meta_element\":\"div\",\"meta_margin\":\"small\",\"meta_style\":\"text-meta\",\"panel_image_no_padding\":true,\"panel_link\":true,\"panel_padding\":\"large\",\"panel_style\":\"card-default\",\"text_align\":\"left\",\"text_align_breakpoint\":\"s\",\"text_align_fallback\":\"center\",\"title\":\"Unsere Pferde\",\"title_align\":\"top\",\"title_element\":\"h2\",\"title_grid_breakpoint\":\"m\",\"title_grid_width\":\"1-2\",\"title_hover_style\":\"reset\"}}]}]},{\"type\":\"row\",\"children\":[{\"type\":\"column\",\"props\":{\"image_position\":\"center-center\",\"media_overlay_gradient\":\"\",\"position_sticky_breakpoint\":\"m\"},\"children\":[{\"type\":\"panel\",\"props\":{\"content\":\"\n\n<p><strong>\\u00a0 <img src=\\\"https:\\\/\\\/www.hofgut-braunenberg.de\\\/wp-content\\\/uploads\\\/2024\\\/07\\\/Ziegenstall-fertig-3-169x300.jpg\\\" alt=\\\"\\\" width=\\\"169\\\" height=\\\"300\\\" class=\\\"alignnone size-medium wp-image-2156\\\" \\\/>\\u00a0<\\\/strong><\\\/p>\\n\n\n<h3>Unsere Schafe<\\\/h3>\\n\n\n<p>Seit gut zwei Jahren erg\\u00e4nzen vier liebenswerte Schafe unseren Equidenhof. Zusammen mit Esel Ypsilon fanden sie nach einer Beschlagnahmung und etlichen Irrwegen bzw. diversen unpassenden Platzierungen auf dem Hofgut Braunenberg ihr endg\\u00fcltiges Zuhause.<\\\/p>\\n\n\n<p>Schafbock Shaun und seine Gef\\u00e4hrtinnen Holly, Berta und Flocke sind rund zw\\u00f6lfj\\u00e4hrig, wobei eines der weiblichen Tiere mit ca. neun Jahren etwas j\\u00fcnger ist und einer vom Aussterben bedrohten Bergschafrasse angeh\\u00f6rt.<\\\/p>\\n\n\n<p>Das Quartett hat sein fr\\u00fcheres Leben gern hinter sich gelassen und bewohnt mit den Ziegen den vor kurzem neu erstellten Stall - eine WG, die von Anfang an bestens funktionierte.<\\\/p>\\n\n\n<p>Sowohl f\\u00fcr die Ziegen als auch den gesamten Hof sind die friedvollen Schafe eine wertvolle Bereicherung.<\\\/p>\",\"content_column_breakpoint\":\"m\",\"icon_width\":80,\"image\":\"\",\"image_align\":\"top\",\"image_grid_breakpoint\":\"m\",\"image_grid_width\":\"1-2\",\"image_svg_color\":\"emphasis\",\"image_width\":\"920\",\"link\":\"index.php\\\/bewohner\\\/schafe\\\/\",\"link_style\":\"default\",\"link_text\":\"Read more\",\"margin\":\"default\",\"meta_align\":\"below-title\",\"meta_element\":\"div\",\"meta_style\":\"text-meta\",\"title_align\":\"top\",\"title_element\":\"h3\",\"title_grid_breakpoint\":\"m\",\"title_grid_width\":\"1-2\",\"title_hover_style\":\"reset\"}}]}]},{\"type\":\"row\",\"props\":{\"column_gap\":\"large\",\"divider\":false},\"children\":[{\"type\":\"column\",\"props\":{\"image_position\":\"center-center\",\"media_overlay_gradient\":\"\",\"position_sticky_breakpoint\":\"m\",\"width_medium\":\"1-1\"},\"children\":[{\"type\":\"grid\",\"props\":{\"content_column_breakpoint\":\"m\",\"filter_align\":\"left\",\"filter_all\":true,\"filter_grid_breakpoint\":\"m\",\"filter_grid_width\":\"auto\",\"filter_position\":\"top\",\"filter_style\":\"tab\",\"grid_default\":\"1\",\"grid_medium\":\"3\",\"icon_width\":80,\"image_align\":\"top\",\"image_grid_breakpoint\":\"m\",\"image_grid_width\":\"1-2\",\"image_svg_color\":\"emphasis\",\"image_width\":\"920\",\"item_animation\":true,\"link_style\":\"default\",\"link_text\":\"\",\"margin\":\"default\",\"meta_align\":\"below-title\",\"meta_element\":\"div\",\"meta_margin\":\"small\",\"meta_style\":\"text-meta\",\"panel_image_no_padding\":true,\"panel_link\":true,\"panel_padding\":\"default\",\"panel_style\":\"card-default\",\"parallax_easing\":\"1\",\"show_content\":true,\"show_image\":true,\"show_link\":true,\"show_meta\":true,\"show_title\":true,\"title_align\":\"top\",\"title_element\":\"h2\",\"title_grid_breakpoint\":\"m\",\"title_grid_width\":\"1-2\",\"title_hover_style\":\"reset\"},\"children\":[{\"type\":\"grid_item\",\"props\":{\"content\":\"\n\n<p>Unsere beiden G\\u00e4nse, Heinrich und Daunenfein, sind nach vielen Jahren bei uns am Hof in hohem Alter von uns gegangen.<\\\/p>\\n\n\n<p>In der Zwischenzeit haben nun vier Laufenten bei uns ein neues Zuhause gefunden.<\\\/p>\",\"image\":\"wp-content\\\/uploads\\\/2025\\\/07\\\/Laufenten-scaled.jpg\",\"image_alt\":\"\",\"link\":\"index.php\\\/bewohner\\\/gaense\\\/\",\"meta\":\"\",\"title\":\"Unsere Laufenten\"}},{\"type\":\"grid_item\",\"props\":{\"content\":\"Auch die Partnerschaft von Katze und Mensch kann in Jahrtausenden gemessen werden. Ihre wechselvolle Geschichte reicht von g\\u00f6ttlicher Verehrung bis zur Hexenverfolgung Heute ist die Katze das beliebteste Haustier der Deutschen an die zw\\u00f6lf Millionen Tier leben hier. Viele davon allerdings unter wenig erfreulichen Bedingungen. Auf dem Hofgut Brauneneberg sind unsere Katzen keine \\u201eStubentiger\\u201c den die ganze Truppe ist st\\u00e4ndig auf dem Hof und dem ganzen Gel\\u00e4nde unterwegs und halten die M\\u00e4usepopulation in schach.\",\"image\":\"wp-content\\\/uploads\\\/2021\\\/02\\\/Katze-Mia_auf-dem-Hofgut-Braunenberg_01.jpg\",\"image_alt\":\"\",\"link\":\"index.php\\\/bewohner\\\/hunde-duplicate-1\\\/\",\"meta\":\"\",\"title\":\"Unsere Katzen\"}}]}]}]}],\"name\":\"Posts\"},{\"type\":\"section\",\"props\":{\"image_position\":\"center-center\",\"padding\":\"small\",\"sticky\":\"cover\",\"style\":\"primary\",\"title_breakpoint\":\"xl\",\"title_position\":\"top-left\",\"title_rotation\":\"left\",\"vertical_align\":\"middle\",\"width\":\"small\"},\"children\":[{\"type\":\"row\",\"props\":{\"layout\":\"1-2,1-2\"},\"children\":[{\"type\":\"column\",\"props\":{\"image_position\":\"center-center\",\"media_overlay_gradient\":\"\",\"position_sticky_breakpoint\":\"m\",\"width_medium\":\"1-2\"},\"children\":[{\"type\":\"text\",\"props\":{\"animation\":\"none\",\"column_breakpoint\":\"m\",\"content\":\"\n\n<h3>Erleben Sie unsere Bewohner auf unseren Social-Media-Kan\\u00e4len:<\\\/h3>\",\"dropcap\":false,\"margin\":\"default\",\"position\":\"relative\",\"position_top\":\"30\",\"text_align\":\"left\",\"text_color\":\"primary\",\"text_style\":\"meta\"}}]},{\"type\":\"column\",\"props\":{\"image_position\":\"center-center\",\"media_overlay_gradient\":\"\",\"position_sticky_breakpoint\":\"m\",\"width_medium\":\"1-2\"},\"children\":[{\"type\":\"icon\",\"props\":{\"icon\":\"instagram\",\"icon_width\":60,\"link\":\"https:\\\/\\\/www.instagram.com\\\/tierheimat_frederic\\\/\",\"link_target\":true,\"margin\":\"small\",\"maxwidth\":\"small\",\"text_align\":\"center\"}},{\"type\":\"icon\",\"props\":{\"icon\":\"facebook\",\"icon_width\":60,\"link\":\"https:\\\/\\\/www.facebook.com\\\/HofgutBraunenberg\",\"link_target\":true,\"margin\":\"small\",\"maxwidth\":\"small\",\"text_align\":\"left\"}}]}]}],\"name\":\"SoMe\"},{\"type\":\"section\",\"props\":{\"image_position\":\"center-center\",\"style\":\"default\",\"title_breakpoint\":\"xl\",\"title_position\":\"top-left\",\"title_rotation\":\"left\",\"vertical_align\":\"middle\",\"width\":\"default\"},\"children\":[{\"type\":\"row\",\"children\":[{\"type\":\"column\",\"props\":{\"image_position\":\"center-center\",\"media_overlay_gradient\":\"\",\"position_sticky_breakpoint\":\"m\"},\"children\":[{\"type\":\"totop\",\"props\":{\"margin\":\"default\",\"text_align\":\"center\",\"title\":\"zur\\u00fcck nach oben\",\"title_grid_column_gap\":\"small\",\"title_grid_row_gap\":\"small\"}}]}]}]},{\"type\":\"section\",\"props\":{\"image\":\"\\\/var\\\/www\\\/vhosts\\\/hofgut-brauenberg.com\\\/httpdocs\\\/wp-content\\\/uploads\\\/stories-background.jpg\",\"image_position\":\"top-center\",\"image_size\":\"cover\",\"image_width\":\"2560\",\"media_overlay\":\"rgba(255, 255, 255, 0.85)\",\"overlap\":true,\"padding\":\"large\",\"style\":\"muted\",\"title_breakpoint\":\"xl\",\"title_position\":\"top-left\",\"title_rotation\":\"left\",\"vertical_align\":\"middle\",\"width\":\"large\"},\"children\":[{\"type\":\"row\",\"children\":[{\"type\":\"column\",\"props\":{\"image_position\":\"center-center\",\"media_overlay_gradient\":\"\",\"position_sticky_breakpoint\":\"m\",\"width_medium\":\"1-1\"},\"children\":[{\"type\":\"subnav\",\"props\":{\"margin\":\"medium\",\"status\":\"disabled\",\"text_align\":\"center\"},\"children\":[{\"type\":\"subnav_item\",\"props\":{\"content\":\"Facebook\",\"link\":\"https:\\\/\\\/www.facebook.com\\\/HofgutBraunenberg\",\"link_target\":true}},{\"type\":\"subnav_item\",\"props\":{\"content\":\"Instagram\",\"link\":\"https:\\\/\\\/www.instagram.com\\\/\",\"link_target\":true}}]}]}]}],\"name\":\"Socials\"}],\"version\":\"3.0.14\"} --><\/p>\n","protected":false},"excerpt":{"rendered":"<p>Unsere Bewohner Unsere Esel \u201eEsel\u201c als Schimpfwort f\u00fcr Menschen genutzt, ist in Wirklichkeit ein Kompliment: Esel sind kluge und gutm\u00fctige Wesen. Sie sind nicht Stur, sondern vorsichtig und w\u00e4gen Situationen genau ab. Esel z\u00e4hlen zu den \u00e4ltesten Haustieren des Menschen. Einst lebten Esel als Wildtiere in der afrikanischen Steppe Afrikas. Dieser Ursprung hat auch heute [&hellip;]<\/p>\n","protected":false},"author":2,"featured_media":0,"parent":0,"menu_order":2,"comment_status":"closed","ping_status":"closed","template":"","meta":{"footnotes":""},"_links":{"self":[{"href":"https:\/\/www.hofgut-braunenberg.de\/index.php\/wp-json\/wp\/v2\/pages\/120"}],"collection":[{"href":"https:\/\/www.hofgut-braunenberg.de\/index.php\/wp-json\/wp\/v2\/pages"}],"about":[{"href":"https:\/\/www.hofgut-braunenberg.de\/index.php\/wp-json\/wp\/v2\/types\/page"}],"author":[{"embeddable":true,"href":"https:\/\/www.hofgut-braunenberg.de\/index.php\/wp-json\/wp\/v2\/users\/2"}],"replies":[{"embeddable":true,"href":"https:\/\/www.hofgut-braunenberg.de\/index.php\/wp-json\/wp\/v2\/comments?post=120"}],"version-history":[{"count":70,"href":"https:\/\/www.hofgut-braunenberg.de\/index.php\/wp-json\/wp\/v2\/pages\/120\/revisions"}],"predecessor-version":[{"id":2398,"href":"https:\/\/www.hofgut-braunenberg.de\/index.php\/wp-json\/wp\/v2\/pages\/120\/revisions\/2398"}],"wp:attachment":[{"href":"https:\/\/www.hofgut-braunenberg.de\/index.php\/wp-json\/wp\/v2\/media?parent=120"}],"curies":[{"name":"wp","href":"https:\/\/api.w.org\/{rel}","templated":true}]}}